{"id":91,"date":"2024-02-02T07:24:44","date_gmt":"2024-02-02T07:24:44","guid":{"rendered":"https:\/\/hulexlaw.com\/?page_id=91"},"modified":"2024-06-24T16:31:44","modified_gmt":"2024-06-24T16:31:44","slug":"lien-he","status":"publish","type":"page","link":"https:\/\/hulexlaw.com\/?page_id=91&lang=vi","title":{"rendered":"LI\u00caN H\u1ec6"},"content":{"rendered":"\n\t<section class=\"section dark\" id=\"section_1992034235\">\n\t\t<div class=\"bg section-bg fill bg-fill  \" >\n\n\t\t\t\n\t\t\t<div class=\"section-bg-overlay absolute fill\"><\/div>\n\t\t\t\n\n\t\t<\/div>\n\n\t\t\n\n\t\t<div class=\"section-content relative\">\n\t\t\t\n\n<div class=\"row\"  id=\"row-1943873401\">\n\n\n\t<div id=\"col-1842098728\" class=\"col small-12 large-12\"  >\n\t\t\t\t<div class=\"col-inner text-center\"  >\n\t\t\t\n\t\t\t\n\n<h2 style=\"font-size:200%;\">LI\u00caN H\u1ec6 V\u1edaI CH\u00daNG T\u00d4I<\/h2>\n\n\t\t<\/div>\n\t\t\t\t\n<style>\n#col-1842098728 > .col-inner {\n  padding: 20px 0px 0px 0px;\n}\n<\/style>\n\t<\/div>\n\n\t\n\n<\/div>\n\n\t\t<\/div>\n\n\t\t\n<style>\n#section_1992034235 {\n  padding-top: 140px;\n  padding-bottom: 140px;\n  background-color: rgb(40, 40, 40);\n}\n#section_1992034235 .section-bg-overlay {\n  background-color: rgba(192, 66, 66, 0.8);\n}\n#section_1992034235 .section-bg.bg-loaded {\n  background-image: url(https:\/\/hulexlaw.com\/wp-content\/uploads\/2024\/02\/empty-room-with-chairs-desks_23-2149008873.jpg);\n}\n#section_1992034235 .section-bg {\n  background-position: 82% 93%;\n}\n<\/style>\n\t<\/section>\n\t\n\t<section class=\"section\" id=\"section_1973955179\">\n\t\t<div class=\"bg section-bg fill bg-fill  bg-loaded\" >\n\n\t\t\t\n\t\t\t\n\t\t\t\n\n\t\t<\/div>\n\n\t\t\n\n\t\t<div class=\"section-content relative\">\n\t\t\t\n\n<div class=\"row\"  id=\"row-150375625\">\n\n\n\t<div id=\"col-1130283501\" class=\"col small-12 large-12\"  >\n\t\t\t\t<div class=\"col-inner\"  >\n\t\t\t\n\t\t\t\n\n<div class=\"row align-equal\"  id=\"row-344671305\">\n\n\n\t<div id=\"col-883461948\" class=\"col medium-6 small-12 large-6\"  >\n\t\t\t\t<div class=\"col-inner text-center\"  >\n\t\t\t\n\t\t\t\n\n\n\t\t<div class=\"icon-box featured-box icon-box-center text-center\"  >\n\t\t\t\t\t<div class=\"icon-box-img\" style=\"width: 60px\">\n\t\t\t\t<div class=\"icon\">\n\t\t\t\t\t<div class=\"icon-inner\" style=\"color:#1a4599;\">\n\t\t\t\t\t\t<img loading=\"lazy\" decoding=\"async\" width=\"300\" height=\"300\" src=\"https:\/\/hulexlaw.com\/wp-content\/uploads\/2024\/02\/contact-page-for-flatsome-wordpress-theme-pointed-icon-phone-300x300.png\" class=\"attachment-medium size-medium\" alt=\"\" srcset=\"https:\/\/hulexlaw.com\/wp-content\/uploads\/2024\/02\/contact-page-for-flatsome-wordpress-theme-pointed-icon-phone-300x300.png 300w, https:\/\/hulexlaw.com\/wp-content\/uploads\/2024\/02\/contact-page-for-flatsome-wordpress-theme-pointed-icon-phone-150x150.png 150w, https:\/\/hulexlaw.com\/wp-content\/uploads\/2024\/02\/contact-page-for-flatsome-wordpress-theme-pointed-icon-phone.png 512w\" sizes=\"auto, (max-width: 300px) 100vw, 300px\" \/>\t\t\t\t\t<\/div>\n\t\t\t\t<\/div>\n\t\t\t<\/div>\n\t\t\t\t<div class=\"icon-box-text last-reset\">\n\t\t\t\t\t\t\t\t\t\n\n<h4>HOTLINE<\/h4>\n<p>\u0110\u1ed9i ng\u0169 nh\u00e2n s\u1ef1 c\u1ee7a ch\u00fang t\u00f4i lu\u00f4n s\u1eb5n s\u00e0ng t\u01b0 v\u1ea5n, h\u1ed7 tr\u1ee3 kh\u00e1ch h\u00e0ng 24\/7<\/p>\n\t<div id=\"gap-135844397\" class=\"gap-element clearfix\" style=\"display:block; height:auto;\">\n\t\t\n<style>\n#gap-135844397 {\n  padding-top: 20px;\n}\n<\/style>\n\t<\/div>\n\t\n\n<a href=\"tel:0855301280\" class=\"button primary box-shadow-5-hover\"  >\n    <span>(+84) 962 585 295<\/span>\n  <\/a>\n\n\n\n\t\t<\/div>\n\t<\/div>\n\t\n\t\n\n\t\t<\/div>\n\t\t\t\t\t<\/div>\n\n\t\n\n\t<div id=\"col-1616906342\" class=\"col medium-6 small-12 large-6\"  >\n\t\t\t\t<div class=\"col-inner text-center\"  >\n\t\t\t\n\t\t\t\n\n\n\t\t<div class=\"icon-box featured-box icon-box-center text-center\"  >\n\t\t\t\t\t<div class=\"icon-box-img\" style=\"width: 60px\">\n\t\t\t\t<div class=\"icon\">\n\t\t\t\t\t<div class=\"icon-inner\" style=\"color:#1a4599;\">\n\t\t\t\t\t\t<img loading=\"lazy\" decoding=\"async\" width=\"300\" height=\"300\" src=\"https:\/\/hulexlaw.com\/wp-content\/uploads\/2024\/02\/contact-page-for-flatsome-wordpress-theme-pointed-icon-chat-300x300.png\" class=\"attachment-medium size-medium\" alt=\"\" srcset=\"https:\/\/hulexlaw.com\/wp-content\/uploads\/2024\/02\/contact-page-for-flatsome-wordpress-theme-pointed-icon-chat-300x300.png 300w, https:\/\/hulexlaw.com\/wp-content\/uploads\/2024\/02\/contact-page-for-flatsome-wordpress-theme-pointed-icon-chat-150x150.png 150w, https:\/\/hulexlaw.com\/wp-content\/uploads\/2024\/02\/contact-page-for-flatsome-wordpress-theme-pointed-icon-chat.png 512w\" sizes=\"auto, (max-width: 300px) 100vw, 300px\" \/>\t\t\t\t\t<\/div>\n\t\t\t\t<\/div>\n\t\t\t<\/div>\n\t\t\t\t<div class=\"icon-box-text last-reset\">\n\t\t\t\t\t\t\t\t\t\n\n<h4>EMAIL<\/h4>\n<p>Vui l\u00f2ng li\u00ean h\u1ec7 qua email c\u1ee7a ch\u00fang t\u00f4i trong tr\u01b0\u1eddng h\u1ee3p n\u1ed9i dung trao \u0111\u1ed5i c\u1ea7n \u0111\u01b0\u1ee3c b\u1ea3o m\u1eadt<\/p>\n\t<div id=\"gap-1916513343\" class=\"gap-element clearfix\" style=\"display:block; height:auto;\">\n\t\t\n<style>\n#gap-1916513343 {\n  padding-top: 20px;\n}\n<\/style>\n\t<\/div>\n\t\n\n\n\t\t<\/div>\n\t<\/div>\n\t\n\t\n<a href=\"mailto:enquiries@bzconsults.vn\" class=\"button primary box-shadow-5-hover lowercase\"  >\n    <span>info@hulexlaw.com<\/span>\n  <\/a>\n\n\n\n\t\t<\/div>\n\t\t\t\t\t<\/div>\n\n\t\n\n\t<div id=\"col-2125786181\" class=\"col small-12 large-12\"  >\n\t\t\t\t<div class=\"col-inner text-left\"  >\n\t\t\t\n\t\t\t\n\n\t<div id=\"text-270101958\" class=\"text\">\n\t\t\n\n<h2>TR\u1ee4 S\u1ede CH\u00cdNH<\/h2>\n<p>T\u1ea7ng 14, T\u00f2a nh\u00e0 Vi\u1ec7t \u00c1, S\u1ed1 9, \u0110\u01b0\u1eddng Duy T\u00e2n, Ph\u01b0\u1eddng D\u1ecbch V\u1ecdng H\u1eadu, Qu\u1eadn C\u1ea7u Gi\u1ea5y, Th\u00e0nh ph\u1ed1 H\u00e0 N\u1ed9i, Vi\u1ec7t Nam<\/p>\n\t\t\n<style>\n#text-270101958 {\n  text-align: center;\n}\n<\/style>\n\t<\/div>\n\t\n\n\n<iframe src=\"https:\/\/www.google.com\/maps\/embed?pb=!1m18!1m12!1m3!1d3724.055750322493!2d105.78224657503146!3d21.030455180619267!2m3!1f0!2f0!3f0!3m2!1i1024!2i768!4f13.1!3m3!1m2!1s0x3135ab4c7d5152a7%3A0xa6fd0e9a5a068a5f!2zVmnhu4d0IMOBIFRvd2VyLCBz4buRIDkgUC4gRHV5IFTDom4sIFAsIEPhuqd1IEdp4bqleSwgSMOgIE7hu5lp!5e0!3m2!1svi!2s!4v1719246418836!5m2!1svi!2s\" width=\"1000\" height=\"450\" style=\"border:0;\" allowfullscreen=\"\" loading=\"lazy\" referrerpolicy=\"no-referrer-when-downgrade\"><\/iframe>\n\n<div class=\"row\"  id=\"row-1493037184\">\n\n\n\t<div id=\"col-296955402\" class=\"col medium-4 small-12 large-4\"  >\n\t\t\t\t<div class=\"col-inner\"  >\n\t\t\t\n\t\t\t\n\n\n\t\t<\/div>\n\t\t\t\t\t<\/div>\n\n\t\n\n\t<div id=\"col-1530583240\" class=\"col medium-4 small-12 large-4\"  >\n\t\t\t\t<div class=\"col-inner text-center\"  >\n\t\t\t\n\t\t\t\n\n<a href=\"https:\/\/maps.app.goo.gl\/HPyF84Pvu5awzn7c8\" class=\"button primary box-shadow-5-hover expand\"  >\n    <span>Ch\u1ec9 \u0111\u01b0\u1eddng<\/span>\n  <i class=\"icon-map-pin-fill\" aria-hidden=\"true\" ><\/i><\/a>\n\n\n\n\t\t<\/div>\n\t\t\t\t\n<style>\n#col-1530583240 > .col-inner {\n  padding: 20px 0px 0px 0px;\n}\n<\/style>\n\t<\/div>\n\n\t\n\n\t<div id=\"col-2145030932\" class=\"col medium-4 small-12 large-4\"  >\n\t\t\t\t<div class=\"col-inner\"  >\n\t\t\t\n\t\t\t\n\n\n\t\t<\/div>\n\t\t\t\t\t<\/div>\n\n\t\n\n<\/div>\n\n\t\t<\/div>\n\t\t\t\t\t<\/div>\n\n\t\n\n\t<div id=\"col-1589656342\" class=\"col small-12 large-12\"  >\n\t\t\t\t<div class=\"col-inner text-center\" style=\"background-color:rgb(255,255,255);\" >\n\t\t\t\n\t\t\t\n\n<h3>Y\u00caU C\u1ea6U T\u01af V\u1ea4N<\/h3>\n<div class=\"is-divider divider clearfix\" ><\/div>\n\n<div class=\"row align-center\"  id=\"row-1804273926\">\n\n\n\t<div id=\"col-702415790\" class=\"col medium-11 small-12 large-9\"  >\n\t\t\t\t<div class=\"col-inner text-left\"  >\n\t\t\t\n\t\t\t\n\n<div class='fluentform ff-default fluentform_wrapper_3 ffs_default_wrap'><form data-form_id=\"3\" id=\"fluentform_3\" class=\"frm-fluent-form fluent_form_3 ff-el-form-top ff_form_instance_3_1 ff-form-loading ffs_default\" data-form_instance=\"ff_form_instance_3_1\" method=\"POST\" ><fieldset  style=\"border: none!important;margin: 0!important;padding: 0!important;background-color: transparent!important;box-shadow: none!important;outline: none!important; min-inline-size: 100%;\">\n                    <legend class=\"ff_screen_reader_title\" style=\"display: block; margin: 0!important;padding: 0!important;height: 0!important;text-indent: -999999px;width: 0!important;overflow:hidden;\">Contact Form Demo (#3)<\/legend><input type='hidden' name='__fluent_form_embded_post_id' value='91' \/><input type=\"hidden\" id=\"_fluentform_3_fluentformnonce\" name=\"_fluentform_3_fluentformnonce\" value=\"04367bf94a\" \/><input type=\"hidden\" name=\"_wp_http_referer\" value=\"\/index.php?rest_route=%2Fwp%2Fv2%2Fpages%2F91\" \/><div data-type=\"name-element\" data-name=\"names\" class=\" ff-field_container ff-name-field-wrapper\" ><div class='ff-t-container'><div class='ff-t-cell '><div class='ff-el-group'><div class=\"ff-el-input--label asterisk-right\"><label for='ff_3_names_first_name_' aria-label=\"H\u1ecd v\u00e0 t\u00ean\">H\u1ecd v\u00e0 t\u00ean<\/label><\/div><div class='ff-el-input--content'><input type=\"text\" name=\"names[first_name]\" id=\"ff_3_names_first_name_\" class=\"ff-el-form-control\" placeholder=\"Vui l\u00f2ng \u0111i\u1ec1n h\u1ecd v\u00e0 t\u00ean c\u1ee7a b\u1ea1n\" aria-invalid=\"false\" aria-required=false><\/div><\/div><\/div><\/div><\/div><div class='ff-el-group'><div class=\"ff-el-input--label ff-el-is-required asterisk-right\"><label for='ff_3_email' aria-label=\"Email\">Email<\/label><\/div><div class='ff-el-input--content'><input type=\"email\" name=\"email\" id=\"ff_3_email\" class=\"ff-el-form-control\" placeholder=\"Vui l\u00f2ng \u0111i\u1ec1n email li\u00ean h\u1ec7 c\u1ee7a b\u1ea1n\" data-name=\"email\"  aria-invalid=\"false\" aria-required=true><\/div><\/div><div class='ff-el-group'><div class=\"ff-el-input--label asterisk-right\"><label for='ff_3_subject' aria-label=\"L\u0129nh v\u1ef1c c\u1ea7n t\u01b0 v\u1ea5n\">L\u0129nh v\u1ef1c c\u1ea7n t\u01b0 v\u1ea5n<\/label><\/div><div class='ff-el-input--content'><input type=\"text\" name=\"subject\" class=\"ff-el-form-control\" placeholder=\"*\" data-name=\"subject\" id=\"ff_3_subject\"  aria-invalid=\"false\" aria-required=false><\/div><\/div><div class='ff-el-group'><div class=\"ff-el-input--label ff-el-is-required asterisk-right\"><label for='ff_3_message' aria-label=\"N\u1ed9i dung c\u1ea7n t\u01b0 v\u1ea5n\">N\u1ed9i dung c\u1ea7n t\u01b0 v\u1ea5n<\/label><\/div><div class='ff-el-input--content'><textarea aria-invalid=\"false\" aria-required=true name=\"message\" id=\"ff_3_message\" class=\"ff-el-form-control\" placeholder=\"Vui l\u00f2ng nh\u1eadp n\u1ed9i dung b\u1ea1n c\u1ea7n t\u01b0 v\u1ea5n\" rows=\"4\" cols=\"2\" data-name=\"message\" ><\/textarea><\/div><\/div><div class='ff-el-group ff-text-center ff_submit_btn_wrapper'><button type=\"submit\" class=\"ff-btn ff-btn-submit ff-btn-md ff_btn_style wpf_has_custom_css\" >G\u1eecI Y\u00caU C\u1ea6U<\/button><\/div><\/fieldset><\/form><div id='fluentform_3_errors' class='ff-errors-in-stack ff_form_instance_3_1 ff-form-loading_errors ff_form_instance_3_1_errors'><\/div><\/div>        <script type=\"text\/javascript\">\n            window.fluent_form_ff_form_instance_3_1 = {\"id\":\"3\",\"settings\":{\"layout\":{\"labelPlacement\":\"top\",\"helpMessagePlacement\":\"with_label\",\"errorMessagePlacement\":\"inline\",\"cssClassName\":\"\",\"asteriskPlacement\":\"asterisk-right\"},\"restrictions\":{\"denyEmptySubmission\":{\"enabled\":false}}},\"form_instance\":\"ff_form_instance_3_1\",\"form_id_selector\":\"fluentform_3\",\"rules\":{\"names[first_name]\":{\"required\":{\"value\":false,\"message\":\"This field is required\",\"global\":false,\"global_message\":\"This field is required\"}},\"names[middle_name]\":{\"required\":{\"value\":false,\"message\":\"This field is required\",\"global\":false,\"global_message\":\"This field is required\"}},\"names[last_name]\":{\"required\":{\"value\":false,\"message\":\"This field is required\",\"global\":false,\"global_message\":\"This field is required\"}},\"email\":{\"required\":{\"value\":true,\"message\":\"This field is required\",\"global\":false,\"global_message\":\"This field is required\"},\"email\":{\"value\":true,\"message\":\"This field must contain a valid email\",\"global\":false,\"global_message\":\"This field must contain a valid email\"}},\"subject\":{\"required\":{\"value\":false,\"message\":\"This field is required\",\"global\":false,\"global_message\":\"This field is required\"}},\"message\":{\"required\":{\"value\":true,\"message\":\"This field is required\",\"global\":false,\"global_message\":\"This field is required\"}}}};\n                    <\/script>\n        \n\n\t\t<\/div>\n\t\t\t\t\t<\/div>\n\n\t\n\n<\/div>\n\n\t\t<\/div>\n\t\t\t\t\t<\/div>\n\n\t\n\n\n<style>\n#row-344671305 > .col > .col-inner {\n  padding: 40px 40px 40px 40px;\n  background-color: rgb(255,255,255);\n}\n<\/style>\n<\/div>\n\n\t\t<\/div>\n\t\t\t\t\n<style>\n#col-1130283501 > .col-inner {\n  margin: -100px 0px 0px 0px;\n}\n<\/style>\n\t<\/div>\n\n\t\n\n<\/div>\n\n\t\t<\/div>\n\n\t\t\n<style>\n#section_1973955179 {\n  padding-top: 30px;\n  padding-bottom: 30px;\n  background-color: rgb(244, 244, 244);\n}\n<\/style>\n\t<\/section>\n\t\n\n","protected":false},"excerpt":{"rendered":"","protected":false},"author":1,"featured_media":0,"parent":6,"menu_order":0,"comment_status":"closed","ping_status":"closed","template":"","meta":{"footnotes":""},"class_list":["post-91","page","type-page","status-publish","hentry"],"yoast_head":"<!-- This site is optimized with the Yoast SEO plugin v23.0 - https:\/\/yoast.com\/wordpress\/plugins\/seo\/ -->\n<title>LI\u00caN H\u1ec6 - Hulex Law<\/title>\n<meta name=\"robots\" content=\"index, follow, max-snippet:-1, max-image-preview:large, max-video-preview:-1\" \/>\n<link rel=\"canonical\" href=\"https:\/\/hulexlaw.com\/?page_id=91&lang=vi\" \/>\n<meta property=\"og:locale\" content=\"vi_VN\" \/>\n<meta property=\"og:type\" content=\"article\" \/>\n<meta property=\"og:title\" content=\"LI\u00caN H\u1ec6 - Hulex Law\" \/>\n<meta property=\"og:url\" content=\"https:\/\/hulexlaw.com\/?page_id=91&amp;lang=vi\" \/>\n<meta property=\"og:site_name\" content=\"Hulex Law\" \/>\n<meta property=\"article:modified_time\" content=\"2024-06-24T16:31:44+00:00\" \/>\n<meta name=\"twitter:card\" content=\"summary_large_image\" \/>\n<script type=\"application\/ld+json\" class=\"yoast-schema-graph\">{\"@context\":\"https:\/\/schema.org\",\"@graph\":[{\"@type\":\"WebPage\",\"@id\":\"https:\/\/hulexlaw.com\/?page_id=91&lang=vi\",\"url\":\"https:\/\/hulexlaw.com\/?page_id=91&lang=vi\",\"name\":\"LI\u00caN H\u1ec6 - Hulex Law\",\"isPartOf\":{\"@id\":\"https:\/\/hulexlaw.com\/#website\"},\"datePublished\":\"2024-02-02T07:24:44+00:00\",\"dateModified\":\"2024-06-24T16:31:44+00:00\",\"breadcrumb\":{\"@id\":\"https:\/\/hulexlaw.com\/?page_id=91&lang=vi#breadcrumb\"},\"inLanguage\":\"vi\",\"potentialAction\":[{\"@type\":\"ReadAction\",\"target\":[\"https:\/\/hulexlaw.com\/?page_id=91&lang=vi\"]}]},{\"@type\":\"BreadcrumbList\",\"@id\":\"https:\/\/hulexlaw.com\/?page_id=91&lang=vi#breadcrumb\",\"itemListElement\":[{\"@type\":\"ListItem\",\"position\":1,\"name\":\"Home\",\"item\":\"https:\/\/hulexlaw.com\/?lang=vi\"},{\"@type\":\"ListItem\",\"position\":2,\"name\":\"Trang Ch\u1ee7\",\"item\":\"https:\/\/hulexlaw.com\/?lang=vi\"},{\"@type\":\"ListItem\",\"position\":3,\"name\":\"LI\u00caN H\u1ec6\"}]},{\"@type\":\"WebSite\",\"@id\":\"https:\/\/hulexlaw.com\/#website\",\"url\":\"https:\/\/hulexlaw.com\/\",\"name\":\"Hulex Law\",\"description\":\"\",\"potentialAction\":[{\"@type\":\"SearchAction\",\"target\":{\"@type\":\"EntryPoint\",\"urlTemplate\":\"https:\/\/hulexlaw.com\/?s={search_term_string}\"},\"query-input\":\"required name=search_term_string\"}],\"inLanguage\":\"vi\"}]}<\/script>\n<!-- \/ Yoast SEO plugin. -->","yoast_head_json":{"title":"LI\u00caN H\u1ec6 - Hulex Law","robots":{"index":"index","follow":"follow","max-snippet":"max-snippet:-1","max-image-preview":"max-image-preview:large","max-video-preview":"max-video-preview:-1"},"canonical":"https:\/\/hulexlaw.com\/?page_id=91&lang=vi","og_locale":"vi_VN","og_type":"article","og_title":"LI\u00caN H\u1ec6 - Hulex Law","og_url":"https:\/\/hulexlaw.com\/?page_id=91&lang=vi","og_site_name":"Hulex Law","article_modified_time":"2024-06-24T16:31:44+00:00","twitter_card":"summary_large_image","schema":{"@context":"https:\/\/schema.org","@graph":[{"@type":"WebPage","@id":"https:\/\/hulexlaw.com\/?page_id=91&lang=vi","url":"https:\/\/hulexlaw.com\/?page_id=91&lang=vi","name":"LI\u00caN H\u1ec6 - Hulex Law","isPartOf":{"@id":"https:\/\/hulexlaw.com\/#website"},"datePublished":"2024-02-02T07:24:44+00:00","dateModified":"2024-06-24T16:31:44+00:00","breadcrumb":{"@id":"https:\/\/hulexlaw.com\/?page_id=91&lang=vi#breadcrumb"},"inLanguage":"vi","potentialAction":[{"@type":"ReadAction","target":["https:\/\/hulexlaw.com\/?page_id=91&lang=vi"]}]},{"@type":"BreadcrumbList","@id":"https:\/\/hulexlaw.com\/?page_id=91&lang=vi#breadcrumb","itemListElement":[{"@type":"ListItem","position":1,"name":"Home","item":"https:\/\/hulexlaw.com\/?lang=vi"},{"@type":"ListItem","position":2,"name":"Trang Ch\u1ee7","item":"https:\/\/hulexlaw.com\/?lang=vi"},{"@type":"ListItem","position":3,"name":"LI\u00caN H\u1ec6"}]},{"@type":"WebSite","@id":"https:\/\/hulexlaw.com\/#website","url":"https:\/\/hulexlaw.com\/","name":"Hulex Law","description":"","potentialAction":[{"@type":"SearchAction","target":{"@type":"EntryPoint","urlTemplate":"https:\/\/hulexlaw.com\/?s={search_term_string}"},"query-input":"required name=search_term_string"}],"inLanguage":"vi"}]}},"_links":{"self":[{"href":"https:\/\/hulexlaw.com\/index.php?rest_route=\/wp\/v2\/pages\/91","targetHints":{"allow":["GET"]}}],"collection":[{"href":"https:\/\/hulexlaw.com\/index.php?rest_route=\/wp\/v2\/pages"}],"about":[{"href":"https:\/\/hulexlaw.com\/index.php?rest_route=\/wp\/v2\/types\/page"}],"author":[{"embeddable":true,"href":"https:\/\/hulexlaw.com\/index.php?rest_route=\/wp\/v2\/users\/1"}],"replies":[{"embeddable":true,"href":"https:\/\/hulexlaw.com\/index.php?rest_route=%2Fwp%2Fv2%2Fcomments&post=91"}],"version-history":[{"count":25,"href":"https:\/\/hulexlaw.com\/index.php?rest_route=\/wp\/v2\/pages\/91\/revisions"}],"predecessor-version":[{"id":745,"href":"https:\/\/hulexlaw.com\/index.php?rest_route=\/wp\/v2\/pages\/91\/revisions\/745"}],"up":[{"embeddable":true,"href":"https:\/\/hulexlaw.com\/index.php?rest_route=\/wp\/v2\/pages\/6"}],"wp:attachment":[{"href":"https:\/\/hulexlaw.com\/index.php?rest_route=%2Fwp%2Fv2%2Fmedia&parent=91"}],"curies":[{"name":"wp","href":"https:\/\/api.w.org\/{rel}","templated":true}]}}