{"id":85,"date":"2024-02-02T04:45:00","date_gmt":"2024-02-02T04:45:00","guid":{"rendered":"https:\/\/hulexlaw.com\/?page_id=85"},"modified":"2024-06-18T03:53:10","modified_gmt":"2024-06-18T03:53:10","slug":"tuyen-dung","status":"publish","type":"page","link":"https:\/\/hulexlaw.com\/?page_id=85&lang=vi","title":{"rendered":"TUY\u1ec2N D\u1ee4NG"},"content":{"rendered":"\n\t<section class=\"section dark\" id=\"section_878973724\">\n\t\t<div class=\"bg section-bg fill bg-fill  \" >\n\n\t\t\t\n\t\t\t<div class=\"section-bg-overlay absolute fill\"><\/div>\n\t\t\t\n\n\t\t<\/div>\n\n\t\t\n\n\t\t<div class=\"section-content relative\">\n\t\t\t\n\n<div class=\"row align-center\"  id=\"row-1671103625\">\n\n\n\t<div id=\"col-1591265468\" class=\"col medium-11 small-12 large-12\"  >\n\t\t\t\t<div class=\"col-inner text-center\"  >\n\t\t\t\n\t\t\t\n\n\t<div id=\"gap-129097331\" class=\"gap-element clearfix\" style=\"display:block; height:auto;\">\n\t\t\n<style>\n#gap-129097331 {\n  padding-top: 30px;\n}\n<\/style>\n\t<\/div>\n\t\n\n\t<div id=\"text-1897180348\" class=\"text\">\n\t\t\n\n<h3>TUY\u1ec2N D\u1ee4NG<\/h3>\n\t\t\n<style>\n#text-1897180348 {\n  font-size: 2.75rem;\n  line-height: 1.25;\n}\n@media (min-width:550px) {\n  #text-1897180348 {\n    line-height: 0.75;\n  }\n}\n<\/style>\n\t<\/div>\n\t\n<p>C\u00f4ng ty Lu\u1eadt TNHH HULEX ch\u00e0o \u0111\u00f3n c\u00e1c sinh vi\u00ean t\u1ed1t nghi\u1ec7p xu\u1ea5t s\u1eafc v\u00e0 c\u00e1c lu\u1eadt s\u01b0 t\u00e0i n\u0103ng, n\u0103ng \u0111\u1ed9ng gia nh\u1eadp \u0111\u1ed9i ng\u0169 c\u1ee7a ch\u00fang t\u00f4i.<\/p>\n<p>Ch\u00fang t\u00f4i \u0111ang t\u00ecm ki\u1ebfm nh\u1eefng \u1ee9ng vi\u00ean quan t\u00e2m \u0111\u1ebfn ph\u00e1p lu\u1eadt v\u1ec1 kinh doanh &#8211; th\u01b0\u01a1ng m\u1ea1i v\u00e0 t\u01b0 v\u1ea5n ph\u00e1p l\u00fd cho doanh nghi\u1ec7p. C\u00e1c chuy\u00ean gia v\u00e0 nh\u00e2n vi\u00ean ph\u00e1p l\u00fd c\u1ee7a ch\u00fang t\u00f4i ph\u1ea3i c\u00f3 k\u1ef9 n\u0103ng giao ti\u1ebfp v\u00e0 ph\u00e2n t\u00edch t\u1ed1t, \u0111\u1ed3ng th\u1eddi c\u00f3 kh\u1ea3 n\u0103ng l\u00e0m vi\u1ec7c \u0111\u1ed9c l\u1eadp c\u0169ng nh\u01b0 \u0111\u00f3ng g\u00f3p v\u00e0o th\u00e0nh c\u00f4ng c\u1ee7a \u0111\u1ed9i nh\u00f3m.<\/p>\n<p>M\u1ecdi th\u1eafc m\u1eafc vui l\u00f2ng g\u1eedi v\u1ec1 email: <strong> info@hulexlaw.com<\/strong> <\/h6>\n\n\t<div id=\"gap-386793262\" class=\"gap-element clearfix\" style=\"display:block; height:auto;\">\n\t\t\n<style>\n#gap-386793262 {\n  padding-top: 10px;\n}\n@media (min-width:550px) {\n  #gap-386793262 {\n    padding-top: 10px;\n  }\n}\n@media (min-width:850px) {\n  #gap-386793262 {\n    padding-top: 20px;\n  }\n}\n<\/style>\n\t<\/div>\n\t\n\n\n\t\t<\/div>\n\t\t\t\t\t<\/div>\n\n\t\n\n<\/div>\n\n\t\t<\/div>\n\n\t\t\n<style>\n#section_878973724 {\n  padding-top: 80px;\n  padding-bottom: 80px;\n}\n#section_878973724 .section-bg-overlay {\n  background-color: rgba(192, 66, 66, 0.8);\n}\n#section_878973724 .section-bg.bg-loaded {\n  background-image: url(https:\/\/hulexlaw.com\/wp-content\/uploads\/2024\/02\/happy-young-asian-businessmen-businesswomen-meeting-brainstorming-ideas-about-new-paperwork-project_7861-3061.jpg);\n}\n#section_878973724 .section-bg {\n  background-position: 51% 49%;\n}\n@media (min-width:550px) {\n  #section_878973724 {\n    padding-top: 135px;\n    padding-bottom: 135px;\n  }\n}\n@media (min-width:850px) {\n  #section_878973724 {\n    padding-top: 175px;\n    padding-bottom: 175px;\n  }\n}\n<\/style>\n\t<\/section>\n\t\n\n","protected":false},"excerpt":{"rendered":"","protected":false},"author":1,"featured_media":0,"parent":6,"menu_order":0,"comment_status":"closed","ping_status":"closed","template":"","meta":{"footnotes":""},"class_list":["post-85","page","type-page","status-publish","hentry"],"yoast_head":"<!-- This site is optimized with the Yoast SEO plugin v23.0 - https:\/\/yoast.com\/wordpress\/plugins\/seo\/ -->\n<title>TUY\u1ec2N D\u1ee4NG - Hulex Law<\/title>\n<meta name=\"robots\" content=\"index, follow, max-snippet:-1, max-image-preview:large, max-video-preview:-1\" \/>\n<link rel=\"canonical\" href=\"https:\/\/hulexlaw.com\/?page_id=85&lang=vi\" \/>\n<meta property=\"og:locale\" content=\"vi_VN\" \/>\n<meta property=\"og:type\" content=\"article\" \/>\n<meta property=\"og:title\" content=\"TUY\u1ec2N D\u1ee4NG - Hulex Law\" \/>\n<meta property=\"og:url\" content=\"https:\/\/hulexlaw.com\/?page_id=85&amp;lang=vi\" \/>\n<meta property=\"og:site_name\" content=\"Hulex Law\" \/>\n<meta property=\"article:modified_time\" content=\"2024-06-18T03:53:10+00:00\" \/>\n<meta name=\"twitter:card\" content=\"summary_large_image\" \/>\n<script type=\"application\/ld+json\" class=\"yoast-schema-graph\">{\"@context\":\"https:\/\/schema.org\",\"@graph\":[{\"@type\":\"WebPage\",\"@id\":\"https:\/\/hulexlaw.com\/?page_id=85&lang=vi\",\"url\":\"https:\/\/hulexlaw.com\/?page_id=85&lang=vi\",\"name\":\"TUY\u1ec2N D\u1ee4NG - Hulex Law\",\"isPartOf\":{\"@id\":\"https:\/\/hulexlaw.com\/#website\"},\"datePublished\":\"2024-02-02T04:45:00+00:00\",\"dateModified\":\"2024-06-18T03:53:10+00:00\",\"breadcrumb\":{\"@id\":\"https:\/\/hulexlaw.com\/?page_id=85&lang=vi#breadcrumb\"},\"inLanguage\":\"vi\",\"potentialAction\":[{\"@type\":\"ReadAction\",\"target\":[\"https:\/\/hulexlaw.com\/?page_id=85&lang=vi\"]}]},{\"@type\":\"BreadcrumbList\",\"@id\":\"https:\/\/hulexlaw.com\/?page_id=85&lang=vi#breadcrumb\",\"itemListElement\":[{\"@type\":\"ListItem\",\"position\":1,\"name\":\"Home\",\"item\":\"https:\/\/hulexlaw.com\/?lang=vi\"},{\"@type\":\"ListItem\",\"position\":2,\"name\":\"Trang Ch\u1ee7\",\"item\":\"https:\/\/hulexlaw.com\/?lang=vi\"},{\"@type\":\"ListItem\",\"position\":3,\"name\":\"TUY\u1ec2N D\u1ee4NG\"}]},{\"@type\":\"WebSite\",\"@id\":\"https:\/\/hulexlaw.com\/#website\",\"url\":\"https:\/\/hulexlaw.com\/\",\"name\":\"Hulex Law\",\"description\":\"\",\"potentialAction\":[{\"@type\":\"SearchAction\",\"target\":{\"@type\":\"EntryPoint\",\"urlTemplate\":\"https:\/\/hulexlaw.com\/?s={search_term_string}\"},\"query-input\":\"required name=search_term_string\"}],\"inLanguage\":\"vi\"}]}<\/script>\n<!-- \/ Yoast SEO plugin. -->","yoast_head_json":{"title":"TUY\u1ec2N D\u1ee4NG - Hulex Law","robots":{"index":"index","follow":"follow","max-snippet":"max-snippet:-1","max-image-preview":"max-image-preview:large","max-video-preview":"max-video-preview:-1"},"canonical":"https:\/\/hulexlaw.com\/?page_id=85&lang=vi","og_locale":"vi_VN","og_type":"article","og_title":"TUY\u1ec2N D\u1ee4NG - Hulex Law","og_url":"https:\/\/hulexlaw.com\/?page_id=85&lang=vi","og_site_name":"Hulex Law","article_modified_time":"2024-06-18T03:53:10+00:00","twitter_card":"summary_large_image","schema":{"@context":"https:\/\/schema.org","@graph":[{"@type":"WebPage","@id":"https:\/\/hulexlaw.com\/?page_id=85&lang=vi","url":"https:\/\/hulexlaw.com\/?page_id=85&lang=vi","name":"TUY\u1ec2N D\u1ee4NG - Hulex Law","isPartOf":{"@id":"https:\/\/hulexlaw.com\/#website"},"datePublished":"2024-02-02T04:45:00+00:00","dateModified":"2024-06-18T03:53:10+00:00","breadcrumb":{"@id":"https:\/\/hulexlaw.com\/?page_id=85&lang=vi#breadcrumb"},"inLanguage":"vi","potentialAction":[{"@type":"ReadAction","target":["https:\/\/hulexlaw.com\/?page_id=85&lang=vi"]}]},{"@type":"BreadcrumbList","@id":"https:\/\/hulexlaw.com\/?page_id=85&lang=vi#breadcrumb","itemListElement":[{"@type":"ListItem","position":1,"name":"Home","item":"https:\/\/hulexlaw.com\/?lang=vi"},{"@type":"ListItem","position":2,"name":"Trang Ch\u1ee7","item":"https:\/\/hulexlaw.com\/?lang=vi"},{"@type":"ListItem","position":3,"name":"TUY\u1ec2N D\u1ee4NG"}]},{"@type":"WebSite","@id":"https:\/\/hulexlaw.com\/#website","url":"https:\/\/hulexlaw.com\/","name":"Hulex Law","description":"","potentialAction":[{"@type":"SearchAction","target":{"@type":"EntryPoint","urlTemplate":"https:\/\/hulexlaw.com\/?s={search_term_string}"},"query-input":"required name=search_term_string"}],"inLanguage":"vi"}]}},"_links":{"self":[{"href":"https:\/\/hulexlaw.com\/index.php?rest_route=\/wp\/v2\/pages\/85","targetHints":{"allow":["GET"]}}],"collection":[{"href":"https:\/\/hulexlaw.com\/index.php?rest_route=\/wp\/v2\/pages"}],"about":[{"href":"https:\/\/hulexlaw.com\/index.php?rest_route=\/wp\/v2\/types\/page"}],"author":[{"embeddable":true,"href":"https:\/\/hulexlaw.com\/index.php?rest_route=\/wp\/v2\/users\/1"}],"replies":[{"embeddable":true,"href":"https:\/\/hulexlaw.com\/index.php?rest_route=%2Fwp%2Fv2%2Fcomments&post=85"}],"version-history":[{"count":8,"href":"https:\/\/hulexlaw.com\/index.php?rest_route=\/wp\/v2\/pages\/85\/revisions"}],"predecessor-version":[{"id":639,"href":"https:\/\/hulexlaw.com\/index.php?rest_route=\/wp\/v2\/pages\/85\/revisions\/639"}],"up":[{"embeddable":true,"href":"https:\/\/hulexlaw.com\/index.php?rest_route=\/wp\/v2\/pages\/6"}],"wp:attachment":[{"href":"https:\/\/hulexlaw.com\/index.php?rest_route=%2Fwp%2Fv2%2Fmedia&parent=85"}],"curies":[{"name":"wp","href":"https:\/\/api.w.org\/{rel}","templated":true}]}}