{"id":360,"date":"2024-04-09T18:16:40","date_gmt":"2024-04-09T18:16:40","guid":{"rendered":"https:\/\/hulexlaw.com\/?page_id=360"},"modified":"2024-06-18T04:00:21","modified_gmt":"2024-06-18T04:00:21","slug":"giay-phep","status":"publish","type":"page","link":"https:\/\/hulexlaw.com\/?page_id=360&lang=vi","title":{"rendered":"Giay phep"},"content":{"rendered":"\n<h1>GI\u1ea4Y PH\u00c9P KINH DOANH C\u00d3 \u0110I\u1ec0U KI\u1ec6N<\/h1>\n<div class=\"row row-solid\"  id=\"row-1670737219\">\n\n\n\t<div id=\"col-785197438\" class=\"col medium-8 small-12 large-8\"  >\n\t\t\t\t<div class=\"col-inner\"  >\n\t\t\t\n\t\t\t\n\n<p>Trong l\u0129nh v\u1ef1c n\u00e0y, HULEX cung c\u1ea5p cho kh\u00e1ch h\u00e0ng c\u00e1c d\u1ecbch v\u1ee5 sau:<\/p>\n<ul>\n<li>T\u01b0 v\u1ea5n v\u00e0 h\u1ed7 tr\u1ee3 kh\u00e1ch h\u00e0ng trong vi\u1ec7c xin c\u00e1c gi\u1ea5y ph\u00e9p \u0111\u1ed1i v\u1edbi c\u00e1c ng\u00e0nh ngh\u1ec1 kinh doanh c\u00f3 \u0111i\u1ec1u ki\u1ec7n nh\u01b0: Gi\u1ea5y ph\u00e9p th\u00e0nh l\u1eadp V\u0103n ph\u00f2ng \u0111\u1ea1i di\u1ec7n c\u1ee7a th\u01b0\u01a1ng nh\u00e2n n\u01b0\u1edbc ngo\u00e0i t\u1ea1i Vi\u1ec7t Nam, Gi\u1ea5y ph\u00e9p an to\u00e0n v\u1ec7 sinh th\u1ef1c ph\u1ea9m, Gi\u1ea5y ph\u00e9p v\u1ec1 ph\u00f2ng ch\u00e1y ch\u1eefa ch\u00e1y, Gi\u1ea5y ph\u00e9p an ninh tr\u1eadt t\u1ef1, Gi\u1ea5y ph\u00e9p v\u1ec1 m\u00f4i tr\u01b0\u1eddng, Gi\u1ea5y ch\u1ee9ng nh\u1eadn \u0111\u0103ng k\u00fd \u0111\u1ea7u t\u01b0, Gi\u1ea5y ch\u1ee9ng nh\u1eadn \u0111\u0103ng k\u00fd doanh nghi\u1ec7p,\u2026.<\/li>\n<li>\u0110\u1ea1i di\u1ec7n cho kh\u00e1ch h\u00e0ng l\u00e0m vi\u1ec7c, theo d\u00f5i ti\u1ebfn tr\u00ecnh gi\u1ea3i quy\u1ebft c\u00e1c th\u1ee7 t\u1ee5c c\u1ea5p ph\u00e9p t\u1ea1i c\u00e1c c\u01a1 quan nh\u00e0 n\u01b0\u1edbc c\u00f3 th\u1ea7m quy\u1ec1n.<\/li>\n<\/ul>\n\n\n\t\t<\/div>\n\t\t\t\t\t<\/div>\n\n\t\n\n\t<div id=\"col-311055688\" class=\"col medium-4 small-12 large-4\"  >\n\t\t\t\t<div class=\"col-inner box-shadow-5 text-shadow-5 dark\" style=\"background-color:#c04242;\" data-parallax-fade=\"true\" data-parallax=\"10\">\n\t\t\t\n\t\t\t\n\n\t<div class=\"ux-menu stack stack-col justify-start ux-menu--divider-solid\">\n\t\t\n\n\t<div class=\"ux-menu-link flex menu-item\">\n\t\t<a class=\"ux-menu-link__link flex\" href=\"https:\/\/hulexlaw.com\/?page_id=313&#038;lang=vi\" >\n\t\t\t\t\t\t<span class=\"ux-menu-link__text\">\n\t\t\t\tCh\u1ed1ng \u0111\u1ed9c quy\u1ec1n \/ C\u1ea1nh tranh\t\t\t<\/span>\n\t\t<\/a>\n\t<\/div>\n\t\n\n\t<div class=\"ux-menu-link flex menu-item\">\n\t\t<a class=\"ux-menu-link__link flex\" href=\"https:\/\/hulexlaw.com\/?page_id=320&#038;lang=vi\" >\n\t\t\t\t\t\t<span class=\"ux-menu-link__text\">\n\t\t\t\tMua b\u00e1n &amp; S\u00e1p nh\u1eadp\t\t\t<\/span>\n\t\t<\/a>\n\t<\/div>\n\t\n\n\t<div class=\"ux-menu-link flex menu-item\">\n\t\t<a class=\"ux-menu-link__link flex\" href=\"https:\/\/hulexlaw.com\/?page_id=325&#038;lang=vi\" >\n\t\t\t\t\t\t<span class=\"ux-menu-link__text\">\n\t\t\t\tB\u1ea5t \u0111\u1ed9ng s\u1ea3n - X\u00e2y d\u1ef1ng\t\t\t<\/span>\n\t\t<\/a>\n\t<\/div>\n\t\n\n\t<div class=\"ux-menu-link flex menu-item\">\n\t\t<a class=\"ux-menu-link__link flex\" href=\"https:\/\/hulexlaw.com\/?page_id=329&#038;lang=vi\" >\n\t\t\t\t\t\t<span class=\"ux-menu-link__text\">\n\t\t\t\tPh\u00e1p l\u00fd th\u01b0\u1eddng xuy\u00ean\t\t\t<\/span>\n\t\t<\/a>\n\t<\/div>\n\t\n\n\t<div class=\"ux-menu-link flex menu-item\">\n\t\t<a class=\"ux-menu-link__link flex\" href=\"https:\/\/hulexlaw.com\/?page_id=333&#038;lang=vi\" >\n\t\t\t\t\t\t<span class=\"ux-menu-link__text\">\n\t\t\t\tN\u0103ng l\u01b0\u1ee3ng\t\t\t<\/span>\n\t\t<\/a>\n\t<\/div>\n\t\n\n\t<div class=\"ux-menu-link flex menu-item\">\n\t\t<a class=\"ux-menu-link__link flex\" href=\"https:\/\/hulexlaw.com\/?page_id=338&#038;lang=vi\" >\n\t\t\t\t\t\t<span class=\"ux-menu-link__text\">\n\t\t\t\tGi\u1ea3i quy\u1ebft tranh ch\u1ea5p\t\t\t<\/span>\n\t\t<\/a>\n\t<\/div>\n\t\n\n\t<div class=\"ux-menu-link flex menu-item\">\n\t\t<a class=\"ux-menu-link__link flex\" href=\"https:\/\/hulexlaw.com\/?page_id=343&#038;lang=vi\" >\n\t\t\t\t\t\t<span class=\"ux-menu-link__text\">\n\t\t\t\tLao \u0111\u1ed9ng\t\t\t<\/span>\n\t\t<\/a>\n\t<\/div>\n\t\n\n\t<div class=\"ux-menu-link flex menu-item\">\n\t\t<a class=\"ux-menu-link__link flex\" href=\"https:\/\/hulexlaw.com\/?page_id=347&#038;lang=vi\" >\n\t\t\t\t\t\t<span class=\"ux-menu-link__text\">\n\t\t\t\tS\u1edf h\u1eefu tr\u00ed tu\u1ec7\t\t\t<\/span>\n\t\t<\/a>\n\t<\/div>\n\t\n\n\t<div class=\"ux-menu-link flex menu-item\">\n\t\t<a class=\"ux-menu-link__link flex\" href=\"https:\/\/hulexlaw.com\/?page_id=352&#038;lang=vi\" >\n\t\t\t\t\t\t<span class=\"ux-menu-link__text\">\n\t\t\t\t\u0110\u1ea7u t\u01b0 v\u00e0o Vi\u1ec7t Nam\t\t\t<\/span>\n\t\t<\/a>\n\t<\/div>\n\t\n\n\t<div class=\"ux-menu-link flex menu-item\">\n\t\t<a class=\"ux-menu-link__link flex\" href=\"https:\/\/hulexlaw.com\/?page_id=356&#038;lang=vi\" >\n\t\t\t\t\t\t<span class=\"ux-menu-link__text\">\n\t\t\t\t\u0110\u1ea7u t\u01b0 ra n\u01b0\u1edbc ngo\u00e0i\t\t\t<\/span>\n\t\t<\/a>\n\t<\/div>\n\t\n\n\t<div class=\"ux-menu-link flex menu-item\">\n\t\t<a class=\"ux-menu-link__link flex\" href=\"https:\/\/hulexlaw.com\/?page_id=360&#038;lang=vi\" >\n\t\t\t\t\t\t<span class=\"ux-menu-link__text\">\n\t\t\t\tGi\u1ea5y ph\u00e9p kinh doanh c\u00f3 \u0111i\u1ec1u ki\u1ec7n\t\t\t<\/span>\n\t\t<\/a>\n\t<\/div>\n\t\n\n\t<div class=\"ux-menu-link flex menu-item\">\n\t\t<a class=\"ux-menu-link__link flex\" href=\"https:\/\/hulexlaw.com\/?page_id=364&#038;lang=vi\" >\n\t\t\t\t\t\t<span class=\"ux-menu-link__text\">\n\t\t\t\tT\u00e0i ch\u00ednh &amp; Ng\u00e2n h\u00e0ng\t\t\t<\/span>\n\t\t<\/a>\n\t<\/div>\n\t\n\n\n\t<\/div>\n\t\n\n\t\t<\/div>\n\t\t\t\t\t<\/div>\n\n\t\n\n<\/div>\n\n","protected":false},"excerpt":{"rendered":"","protected":false},"author":1,"featured_media":0,"parent":65,"menu_order":0,"comment_status":"closed","ping_status":"closed","template":"","meta":{"footnotes":""},"class_list":["post-360","page","type-page","status-publish","hentry"],"yoast_head":"<!-- This site is optimized with the Yoast SEO plugin v23.0 - https:\/\/yoast.com\/wordpress\/plugins\/seo\/ -->\n<title>Giay phep - Hulex Law<\/title>\n<meta name=\"robots\" content=\"index, follow, max-snippet:-1, max-image-preview:large, max-video-preview:-1\" \/>\n<link rel=\"canonical\" href=\"https:\/\/hulexlaw.com\/?page_id=360&lang=vi\" \/>\n<meta property=\"og:locale\" content=\"vi_VN\" \/>\n<meta property=\"og:type\" content=\"article\" \/>\n<meta property=\"og:title\" content=\"Giay phep - Hulex Law\" \/>\n<meta property=\"og:url\" content=\"https:\/\/hulexlaw.com\/?page_id=360&amp;lang=vi\" \/>\n<meta property=\"og:site_name\" content=\"Hulex Law\" \/>\n<meta property=\"article:modified_time\" content=\"2024-06-18T04:00:21+00:00\" \/>\n<meta name=\"twitter:card\" content=\"summary_large_image\" \/>\n<script type=\"application\/ld+json\" class=\"yoast-schema-graph\">{\"@context\":\"https:\/\/schema.org\",\"@graph\":[{\"@type\":\"WebPage\",\"@id\":\"https:\/\/hulexlaw.com\/?page_id=360&lang=vi\",\"url\":\"https:\/\/hulexlaw.com\/?page_id=360&lang=vi\",\"name\":\"Giay phep - Hulex Law\",\"isPartOf\":{\"@id\":\"https:\/\/hulexlaw.com\/#website\"},\"datePublished\":\"2024-04-09T18:16:40+00:00\",\"dateModified\":\"2024-06-18T04:00:21+00:00\",\"breadcrumb\":{\"@id\":\"https:\/\/hulexlaw.com\/?page_id=360&lang=vi#breadcrumb\"},\"inLanguage\":\"vi\",\"potentialAction\":[{\"@type\":\"ReadAction\",\"target\":[\"https:\/\/hulexlaw.com\/?page_id=360&lang=vi\"]}]},{\"@type\":\"BreadcrumbList\",\"@id\":\"https:\/\/hulexlaw.com\/?page_id=360&lang=vi#breadcrumb\",\"itemListElement\":[{\"@type\":\"ListItem\",\"position\":1,\"name\":\"Home\",\"item\":\"https:\/\/hulexlaw.com\/?lang=vi\"},{\"@type\":\"ListItem\",\"position\":2,\"name\":\"Trang Ch\u1ee7\",\"item\":\"https:\/\/hulexlaw.com\/?lang=vi\"},{\"@type\":\"ListItem\",\"position\":3,\"name\":\"L\u0128NH V\u1ef0C HO\u1ea0T \u0110\u1ed8NG\",\"item\":\"https:\/\/hulexlaw.com\/?page_id=65&lang=vi\"},{\"@type\":\"ListItem\",\"position\":4,\"name\":\"Giay phep\"}]},{\"@type\":\"WebSite\",\"@id\":\"https:\/\/hulexlaw.com\/#website\",\"url\":\"https:\/\/hulexlaw.com\/\",\"name\":\"Hulex Law\",\"description\":\"\",\"potentialAction\":[{\"@type\":\"SearchAction\",\"target\":{\"@type\":\"EntryPoint\",\"urlTemplate\":\"https:\/\/hulexlaw.com\/?s={search_term_string}\"},\"query-input\":\"required name=search_term_string\"}],\"inLanguage\":\"vi\"}]}<\/script>\n<!-- \/ Yoast SEO plugin. -->","yoast_head_json":{"title":"Giay phep - Hulex Law","robots":{"index":"index","follow":"follow","max-snippet":"max-snippet:-1","max-image-preview":"max-image-preview:large","max-video-preview":"max-video-preview:-1"},"canonical":"https:\/\/hulexlaw.com\/?page_id=360&lang=vi","og_locale":"vi_VN","og_type":"article","og_title":"Giay phep - Hulex Law","og_url":"https:\/\/hulexlaw.com\/?page_id=360&lang=vi","og_site_name":"Hulex Law","article_modified_time":"2024-06-18T04:00:21+00:00","twitter_card":"summary_large_image","schema":{"@context":"https:\/\/schema.org","@graph":[{"@type":"WebPage","@id":"https:\/\/hulexlaw.com\/?page_id=360&lang=vi","url":"https:\/\/hulexlaw.com\/?page_id=360&lang=vi","name":"Giay phep - Hulex Law","isPartOf":{"@id":"https:\/\/hulexlaw.com\/#website"},"datePublished":"2024-04-09T18:16:40+00:00","dateModified":"2024-06-18T04:00:21+00:00","breadcrumb":{"@id":"https:\/\/hulexlaw.com\/?page_id=360&lang=vi#breadcrumb"},"inLanguage":"vi","potentialAction":[{"@type":"ReadAction","target":["https:\/\/hulexlaw.com\/?page_id=360&lang=vi"]}]},{"@type":"BreadcrumbList","@id":"https:\/\/hulexlaw.com\/?page_id=360&lang=vi#breadcrumb","itemListElement":[{"@type":"ListItem","position":1,"name":"Home","item":"https:\/\/hulexlaw.com\/?lang=vi"},{"@type":"ListItem","position":2,"name":"Trang Ch\u1ee7","item":"https:\/\/hulexlaw.com\/?lang=vi"},{"@type":"ListItem","position":3,"name":"L\u0128NH V\u1ef0C HO\u1ea0T \u0110\u1ed8NG","item":"https:\/\/hulexlaw.com\/?page_id=65&lang=vi"},{"@type":"ListItem","position":4,"name":"Giay phep"}]},{"@type":"WebSite","@id":"https:\/\/hulexlaw.com\/#website","url":"https:\/\/hulexlaw.com\/","name":"Hulex Law","description":"","potentialAction":[{"@type":"SearchAction","target":{"@type":"EntryPoint","urlTemplate":"https:\/\/hulexlaw.com\/?s={search_term_string}"},"query-input":"required name=search_term_string"}],"inLanguage":"vi"}]}},"_links":{"self":[{"href":"https:\/\/hulexlaw.com\/index.php?rest_route=\/wp\/v2\/pages\/360","targetHints":{"allow":["GET"]}}],"collection":[{"href":"https:\/\/hulexlaw.com\/index.php?rest_route=\/wp\/v2\/pages"}],"about":[{"href":"https:\/\/hulexlaw.com\/index.php?rest_route=\/wp\/v2\/types\/page"}],"author":[{"embeddable":true,"href":"https:\/\/hulexlaw.com\/index.php?rest_route=\/wp\/v2\/users\/1"}],"replies":[{"embeddable":true,"href":"https:\/\/hulexlaw.com\/index.php?rest_route=%2Fwp%2Fv2%2Fcomments&post=360"}],"version-history":[{"count":4,"href":"https:\/\/hulexlaw.com\/index.php?rest_route=\/wp\/v2\/pages\/360\/revisions"}],"predecessor-version":[{"id":647,"href":"https:\/\/hulexlaw.com\/index.php?rest_route=\/wp\/v2\/pages\/360\/revisions\/647"}],"up":[{"embeddable":true,"href":"https:\/\/hulexlaw.com\/index.php?rest_route=\/wp\/v2\/pages\/65"}],"wp:attachment":[{"href":"https:\/\/hulexlaw.com\/index.php?rest_route=%2Fwp%2Fv2%2Fmedia&parent=360"}],"curies":[{"name":"wp","href":"https:\/\/api.w.org\/{rel}","templated":true}]}}