{"id":34,"date":"2024-01-31T02:39:51","date_gmt":"2024-01-31T02:39:51","guid":{"rendered":"https:\/\/hulexlaw.com\/?page_id=34"},"modified":"2025-03-18T12:13:47","modified_gmt":"2025-03-18T12:13:47","slug":"ve-chung-toi","status":"publish","type":"page","link":"https:\/\/hulexlaw.com\/?page_id=34&lang=vi","title":{"rendered":"V\u1ec0 CH\u00daNG T\u00d4I"},"content":{"rendered":"\n<div class=\"slider-wrapper relative\" id=\"slider-106200045\" >\n    <div class=\"slider slider-nav-circle slider-nav-large slider-nav-light slider-style-normal\"\n        data-flickity-options='{\n            \"cellAlign\": \"center\",\n            \"imagesLoaded\": true,\n            \"lazyLoad\": 1,\n            \"freeScroll\": false,\n            \"wrapAround\": true,\n            \"autoPlay\": 6000,\n            \"pauseAutoPlayOnHover\" : true,\n            \"prevNextButtons\": true,\n            \"contain\" : true,\n            \"adaptiveHeight\" : true,\n            \"dragThreshold\" : 10,\n            \"percentPosition\": true,\n            \"pageDots\": true,\n            \"rightToLeft\": false,\n            \"draggable\": true,\n            \"selectedAttraction\": 0.1,\n            \"parallax\" : 0,\n            \"friction\": 0.6        }'\n        >\n        \n\n\n  <div class=\"banner has-hover\" id=\"banner-1247631763\">\n          <div class=\"banner-inner fill\">\n        <div class=\"banner-bg fill\" >\n            <div class=\"bg fill bg-fill \"><\/div>\n                        <div class=\"overlay\"><\/div>            \n                    <\/div>\n\t\t\n        <div class=\"banner-layers container\">\n            <div class=\"fill banner-link\"><\/div>            \n\n   <div id=\"text-box-724313459\" class=\"text-box banner-layer x0 md-x0 lg-x0 y95 md-y50 lg-y50 res-text\">\n                                <div class=\"text-box-content text box-shadow-1\">\n              \n              <div class=\"text-inner text-left\">\n                  \n\n\t<div id=\"text-2149245157\" class=\"text\">\n\t\t\n\n<p>C\u00f4ng ty Lu\u1eadt TNHH HULEX l\u00e0 t\u1ed5 ch\u1ee9c h\u00e0nh ngh\u1ec1 lu\u1eadt s\u01b0 chuy\u00ean s\u00e2u trong m\u1ecdi l\u0129nh v\u1ef1c v\u1edbi \u0111\u1ed9i ng\u0169 Lu\u1eadt s\u01b0, chuy\u00ean gia t\u01b0 v\u1ea5n d\u00e0y d\u1ea1n kinh nghi\u1ec7m. Ch\u00fang t\u00f4i lu\u00f4n n\u1ed7 l\u1ef1c mang \u0111\u1ebfn cho kh\u00e1ch h\u00e0ng s\u1ef1 ph\u1ee5c v\u1ee5 t\u1ed1t nh\u1ea5t d\u1ef1a tr\u00ean tr\u00ecnh \u0111\u1ed9 chuy\u00ean m\u00f4n, uy t\u00edn, kinh nghi\u1ec7m v\u00e0 s\u1ef1 am hi\u1ec3u c\u00e1c v\u1ea5n \u0111\u1ec1 ph\u00e1p l\u00fd, kinh t\u1ebf, ch\u00ednh tr\u1ecb, x\u00e3 h\u1ed9i. Ph\u01b0\u01a1ng ch\u00e2m m\u00e0 HULEX lu\u00f4n h\u01b0\u1edbng t\u1edbi \u0111\u1ec3 ph\u1ee5c v\u1ee5 kh\u00e1ch h\u00e0ng \u0111\u00f3 ch\u00ednh l\u00e0: <strong>\u201cUy t\u00edn \u2013 Hi\u1ec7u qu\u1ea3 \u2013 Chuy\u00ean nghi\u1ec7p \u2013 T\u1eadn t\u00e2m\u201d<\/strong><\/p>\n<p>X\u00e3 h\u1ed9i v\u00e0 n\u1ec1n kinh t\u1ebf ng\u00e0y c\u00e0ng ph\u00e1t tri\u1ec3n \u0111em l\u1ea1i cho ch\u00fang ta nhi\u1ec1u c\u01a1 h\u1ed9i m\u1edbi, th\u00e0nh c\u00f4ng m\u1edbi. Tuy nhi\u00ean, th\u00e0nh c\u00f4ng lu\u00f4n ti\u1ec1m \u1ea9n nhi\u1ec1u r\u1ee7i ro, ch\u00ednh v\u00ec v\u1eady s\u1ee9 m\u1ec7nh c\u1ee7a HULEX l\u00e0 tr\u1edf th\u00e0nh \u0111\u01a1n v\u1ecb t\u01b0 v\u1ea5n ph\u00e1p l\u00fd tin c\u1eady c\u1ee7a kh\u00e1ch h\u00e0ng.<\/p>\n\t\t\n<style>\n#text-2149245157 {\n  font-size: 0.8rem;\n}\n@media (min-width:550px) {\n  #text-2149245157 {\n    font-size: 1.15rem;\n  }\n}\n<\/style>\n\t<\/div>\n\t\n\n              <\/div>\n           <\/div>\n                            \n<style>\n#text-box-724313459 .text-box-content {\n  background-color: rgba(255, 255, 255, 0.94);\n  font-size: 100%;\n}\n#text-box-724313459 .text-inner {\n  padding: 30px 30px 30px 30px;\n}\n#text-box-724313459 {\n  width: 100%;\n}\n@media (min-width:550px) {\n  #text-box-724313459 {\n    width: 74%;\n  }\n}\n@media (min-width:850px) {\n  #text-box-724313459 {\n    width: 66%;\n  }\n}\n<\/style>\n    <\/div>\n \n\n        <\/div>\n      <\/div>\n\n            \n<style>\n#banner-1247631763 {\n  padding-top: 500px;\n}\n#banner-1247631763 .bg.bg-loaded {\n  background-image: url(https:\/\/hulexlaw.com\/wp-content\/uploads\/2024\/02\/scene-victoria-harbour-hong-kong-victoria-harbour_74190-7852.jpg);\n}\n#banner-1247631763 .overlay {\n  background-color: rgba(192, 66, 66, 0.8);\n}\n#banner-1247631763 .bg {\n  background-position: 76% 100%;\n}\n@media (min-width:550px) {\n  #banner-1247631763 {\n    padding-top: 637px;\n  }\n}\n<\/style>\n  <\/div>\n\n\n\n     <\/div>\n\n     <div class=\"loading-spin dark large centered\"><\/div>\n\n\t<\/div>\n\n\n\n","protected":false},"excerpt":{"rendered":"","protected":false},"author":1,"featured_media":0,"parent":6,"menu_order":1,"comment_status":"closed","ping_status":"closed","template":"page-blank.php","meta":{"footnotes":""},"class_list":["post-34","page","type-page","status-publish","hentry"],"yoast_head":"<!-- This site is optimized with the Yoast SEO plugin v23.0 - https:\/\/yoast.com\/wordpress\/plugins\/seo\/ -->\n<title>V\u1ec0 CH\u00daNG T\u00d4I - Hulex Law<\/title>\n<meta name=\"robots\" content=\"index, follow, max-snippet:-1, max-image-preview:large, max-video-preview:-1\" \/>\n<link rel=\"canonical\" href=\"https:\/\/hulexlaw.com\/?page_id=34&lang=vi\" \/>\n<meta property=\"og:locale\" content=\"vi_VN\" \/>\n<meta property=\"og:type\" content=\"article\" \/>\n<meta property=\"og:title\" content=\"V\u1ec0 CH\u00daNG T\u00d4I - Hulex Law\" \/>\n<meta property=\"og:url\" content=\"https:\/\/hulexlaw.com\/?page_id=34&amp;lang=vi\" \/>\n<meta property=\"og:site_name\" content=\"Hulex Law\" \/>\n<meta property=\"article:modified_time\" content=\"2025-03-18T12:13:47+00:00\" \/>\n<meta name=\"twitter:card\" content=\"summary_large_image\" \/>\n<script type=\"application\/ld+json\" class=\"yoast-schema-graph\">{\"@context\":\"https:\/\/schema.org\",\"@graph\":[{\"@type\":\"WebPage\",\"@id\":\"https:\/\/hulexlaw.com\/?page_id=34&lang=vi\",\"url\":\"https:\/\/hulexlaw.com\/?page_id=34&lang=vi\",\"name\":\"V\u1ec0 CH\u00daNG T\u00d4I - Hulex Law\",\"isPartOf\":{\"@id\":\"https:\/\/hulexlaw.com\/#website\"},\"datePublished\":\"2024-01-31T02:39:51+00:00\",\"dateModified\":\"2025-03-18T12:13:47+00:00\",\"breadcrumb\":{\"@id\":\"https:\/\/hulexlaw.com\/?page_id=34&lang=vi#breadcrumb\"},\"inLanguage\":\"vi\",\"potentialAction\":[{\"@type\":\"ReadAction\",\"target\":[\"https:\/\/hulexlaw.com\/?page_id=34&lang=vi\"]}]},{\"@type\":\"BreadcrumbList\",\"@id\":\"https:\/\/hulexlaw.com\/?page_id=34&lang=vi#breadcrumb\",\"itemListElement\":[{\"@type\":\"ListItem\",\"position\":1,\"name\":\"Home\",\"item\":\"https:\/\/hulexlaw.com\/?lang=vi\"},{\"@type\":\"ListItem\",\"position\":2,\"name\":\"Trang Ch\u1ee7\",\"item\":\"https:\/\/hulexlaw.com\/?lang=vi\"},{\"@type\":\"ListItem\",\"position\":3,\"name\":\"V\u1ec0 CH\u00daNG T\u00d4I\"}]},{\"@type\":\"WebSite\",\"@id\":\"https:\/\/hulexlaw.com\/#website\",\"url\":\"https:\/\/hulexlaw.com\/\",\"name\":\"Hulex Law\",\"description\":\"\",\"potentialAction\":[{\"@type\":\"SearchAction\",\"target\":{\"@type\":\"EntryPoint\",\"urlTemplate\":\"https:\/\/hulexlaw.com\/?s={search_term_string}\"},\"query-input\":\"required name=search_term_string\"}],\"inLanguage\":\"vi\"}]}<\/script>\n<!-- \/ Yoast SEO plugin. -->","yoast_head_json":{"title":"V\u1ec0 CH\u00daNG T\u00d4I - Hulex Law","robots":{"index":"index","follow":"follow","max-snippet":"max-snippet:-1","max-image-preview":"max-image-preview:large","max-video-preview":"max-video-preview:-1"},"canonical":"https:\/\/hulexlaw.com\/?page_id=34&lang=vi","og_locale":"vi_VN","og_type":"article","og_title":"V\u1ec0 CH\u00daNG T\u00d4I - Hulex Law","og_url":"https:\/\/hulexlaw.com\/?page_id=34&lang=vi","og_site_name":"Hulex Law","article_modified_time":"2025-03-18T12:13:47+00:00","twitter_card":"summary_large_image","schema":{"@context":"https:\/\/schema.org","@graph":[{"@type":"WebPage","@id":"https:\/\/hulexlaw.com\/?page_id=34&lang=vi","url":"https:\/\/hulexlaw.com\/?page_id=34&lang=vi","name":"V\u1ec0 CH\u00daNG T\u00d4I - Hulex Law","isPartOf":{"@id":"https:\/\/hulexlaw.com\/#website"},"datePublished":"2024-01-31T02:39:51+00:00","dateModified":"2025-03-18T12:13:47+00:00","breadcrumb":{"@id":"https:\/\/hulexlaw.com\/?page_id=34&lang=vi#breadcrumb"},"inLanguage":"vi","potentialAction":[{"@type":"ReadAction","target":["https:\/\/hulexlaw.com\/?page_id=34&lang=vi"]}]},{"@type":"BreadcrumbList","@id":"https:\/\/hulexlaw.com\/?page_id=34&lang=vi#breadcrumb","itemListElement":[{"@type":"ListItem","position":1,"name":"Home","item":"https:\/\/hulexlaw.com\/?lang=vi"},{"@type":"ListItem","position":2,"name":"Trang Ch\u1ee7","item":"https:\/\/hulexlaw.com\/?lang=vi"},{"@type":"ListItem","position":3,"name":"V\u1ec0 CH\u00daNG T\u00d4I"}]},{"@type":"WebSite","@id":"https:\/\/hulexlaw.com\/#website","url":"https:\/\/hulexlaw.com\/","name":"Hulex Law","description":"","potentialAction":[{"@type":"SearchAction","target":{"@type":"EntryPoint","urlTemplate":"https:\/\/hulexlaw.com\/?s={search_term_string}"},"query-input":"required name=search_term_string"}],"inLanguage":"vi"}]}},"_links":{"self":[{"href":"https:\/\/hulexlaw.com\/index.php?rest_route=\/wp\/v2\/pages\/34","targetHints":{"allow":["GET"]}}],"collection":[{"href":"https:\/\/hulexlaw.com\/index.php?rest_route=\/wp\/v2\/pages"}],"about":[{"href":"https:\/\/hulexlaw.com\/index.php?rest_route=\/wp\/v2\/types\/page"}],"author":[{"embeddable":true,"href":"https:\/\/hulexlaw.com\/index.php?rest_route=\/wp\/v2\/users\/1"}],"replies":[{"embeddable":true,"href":"https:\/\/hulexlaw.com\/index.php?rest_route=%2Fwp%2Fv2%2Fcomments&post=34"}],"version-history":[{"count":74,"href":"https:\/\/hulexlaw.com\/index.php?rest_route=\/wp\/v2\/pages\/34\/revisions"}],"predecessor-version":[{"id":765,"href":"https:\/\/hulexlaw.com\/index.php?rest_route=\/wp\/v2\/pages\/34\/revisions\/765"}],"up":[{"embeddable":true,"href":"https:\/\/hulexlaw.com\/index.php?rest_route=\/wp\/v2\/pages\/6"}],"wp:attachment":[{"href":"https:\/\/hulexlaw.com\/index.php?rest_route=%2Fwp%2Fv2%2Fmedia&parent=34"}],"curies":[{"name":"wp","href":"https:\/\/api.w.org\/{rel}","templated":true}]}}