{"id":325,"date":"2024-04-09T17:58:05","date_gmt":"2024-04-09T17:58:05","guid":{"rendered":"https:\/\/hulexlaw.com\/?page_id=325"},"modified":"2024-06-18T04:00:11","modified_gmt":"2024-06-18T04:00:11","slug":"bat-dong-san","status":"publish","type":"page","link":"https:\/\/hulexlaw.com\/?page_id=325&lang=vi","title":{"rendered":"Bat dong san"},"content":{"rendered":"\n<h1>B\u1ea4T \u0110\u1ed8NG S\u1ea2N &#8211; X\u00c2Y D\u1ef0NG<\/h1>\n<div class=\"row row-solid\"  id=\"row-1489400522\">\n\n\n\t<div id=\"col-1961106421\" class=\"col medium-8 small-12 large-8\"  >\n\t\t\t\t<div class=\"col-inner\"  >\n\t\t\t\n\t\t\t\n\n<p>Trong l\u0129nh v\u1ef1c n\u00e0y, HULEX cung c\u1ea5p cho kh\u00e1ch h\u00e0ng c\u00e1c d\u1ecbch v\u1ee5 sau:<\/p>\n<ul>\n<li>T\u01b0 v\u1ea5n v\u00e0 \u0111\u1ea1i di\u1ec7n kh\u00e1ch h\u00e0ng trong c\u00e1c giao d\u1ecbch M&amp;A li\u00ean quan \u0111\u1ebfn b\u1ea5t \u0111\u1ed9ng s\u1ea3n.<\/li>\n<li>T\u01b0 v\u1ea5n cho kh\u00e1ch h\u00e0ng c\u00e1c quy \u0111\u1ecbnh c\u1ee7a ph\u00e1p li\u00ean quan \u0111\u1ebfn b\u1ea5t \u0111\u1ed9ng s\u1ea3n v\u00e0 nh\u00e0 \u1edf.<\/li>\n<li>\u0110\u1ea1i di\u1ec7n cho kh\u00e1ch h\u00e0ng tr\u01b0\u1edbc c\u01a1 quan nh\u00e0 n\u01b0\u1edbc c\u00f3 th\u1ea9m quy\u1ec1n trong l\u0129nh v\u1ef1c b\u1ea5t \u0111\u1ed9ng s\u1ea3n v\u00e0 nh\u00e0 \u1edf.<\/li>\n<li>X\u00e2y d\u1ef1ng c\u1ea5u tr\u00fac giao d\u1ecbch M&amp;A trong l\u0129nh v\u1ef1c b\u1ea5t \u0111\u1ed9ng s\u1ea3n v\u00e0 nh\u00e0 \u1edf.<\/li>\n<li>T\u01b0 v\u1ea5n v\u00e0 so\u1ea1n th\u1ea3o c\u00e1c H\u1ee3p \u0111\u1ed3ng, th\u1ecfa thu\u1eadn h\u1ee3p t\u00e1c trong c\u00e1c d\u1ef1 \u00e1n b\u1ea5t \u0111\u1ed9ng s\u1ea3n v\u00e0 nh\u00e0 \u1edf.<\/li>\n<\/ul>\n\n\n\t\t<\/div>\n\t\t\t\t\t<\/div>\n\n\t\n\n\t<div id=\"col-1994513064\" class=\"col medium-4 small-12 large-4\"  >\n\t\t\t\t<div class=\"col-inner box-shadow-5 text-shadow-5 dark\" style=\"background-color:#c04242;\" data-parallax-fade=\"true\" data-parallax=\"10\">\n\t\t\t\n\t\t\t\n\n\t<div class=\"ux-menu stack stack-col justify-start ux-menu--divider-solid\">\n\t\t\n\n\t<div class=\"ux-menu-link flex menu-item\">\n\t\t<a class=\"ux-menu-link__link flex\" href=\"https:\/\/hulexlaw.com\/?page_id=313&#038;lang=vi\" >\n\t\t\t\t\t\t<span class=\"ux-menu-link__text\">\n\t\t\t\tCh\u1ed1ng \u0111\u1ed9c quy\u1ec1n \/ C\u1ea1nh tranh\t\t\t<\/span>\n\t\t<\/a>\n\t<\/div>\n\t\n\n\t<div class=\"ux-menu-link flex menu-item\">\n\t\t<a class=\"ux-menu-link__link flex\" href=\"https:\/\/hulexlaw.com\/?page_id=320&#038;lang=vi\" >\n\t\t\t\t\t\t<span class=\"ux-menu-link__text\">\n\t\t\t\tMua b\u00e1n &amp; S\u00e1p nh\u1eadp\t\t\t<\/span>\n\t\t<\/a>\n\t<\/div>\n\t\n\n\t<div class=\"ux-menu-link flex menu-item\">\n\t\t<a class=\"ux-menu-link__link flex\" href=\"https:\/\/hulexlaw.com\/?page_id=325&#038;lang=vi\" >\n\t\t\t\t\t\t<span class=\"ux-menu-link__text\">\n\t\t\t\tB\u1ea5t \u0111\u1ed9ng s\u1ea3n - X\u00e2y d\u1ef1ng\t\t\t<\/span>\n\t\t<\/a>\n\t<\/div>\n\t\n\n\t<div class=\"ux-menu-link flex menu-item\">\n\t\t<a class=\"ux-menu-link__link flex\" href=\"https:\/\/hulexlaw.com\/?page_id=329&#038;lang=vi\" >\n\t\t\t\t\t\t<span class=\"ux-menu-link__text\">\n\t\t\t\tPh\u00e1p l\u00fd th\u01b0\u1eddng xuy\u00ean\t\t\t<\/span>\n\t\t<\/a>\n\t<\/div>\n\t\n\n\t<div class=\"ux-menu-link flex menu-item\">\n\t\t<a class=\"ux-menu-link__link flex\" href=\"https:\/\/hulexlaw.com\/?page_id=333&#038;lang=vi\" >\n\t\t\t\t\t\t<span class=\"ux-menu-link__text\">\n\t\t\t\tN\u0103ng l\u01b0\u1ee3ng\t\t\t<\/span>\n\t\t<\/a>\n\t<\/div>\n\t\n\n\t<div class=\"ux-menu-link flex menu-item\">\n\t\t<a class=\"ux-menu-link__link flex\" href=\"https:\/\/hulexlaw.com\/?page_id=338&#038;lang=vi\" >\n\t\t\t\t\t\t<span class=\"ux-menu-link__text\">\n\t\t\t\tGi\u1ea3i quy\u1ebft tranh ch\u1ea5p\t\t\t<\/span>\n\t\t<\/a>\n\t<\/div>\n\t\n\n\t<div class=\"ux-menu-link flex menu-item\">\n\t\t<a class=\"ux-menu-link__link flex\" href=\"https:\/\/hulexlaw.com\/?page_id=343&#038;lang=vi\" >\n\t\t\t\t\t\t<span class=\"ux-menu-link__text\">\n\t\t\t\tLao \u0111\u1ed9ng\t\t\t<\/span>\n\t\t<\/a>\n\t<\/div>\n\t\n\n\t<div class=\"ux-menu-link flex menu-item\">\n\t\t<a class=\"ux-menu-link__link flex\" href=\"https:\/\/hulexlaw.com\/?page_id=347&#038;lang=vi\" >\n\t\t\t\t\t\t<span class=\"ux-menu-link__text\">\n\t\t\t\tS\u1edf h\u1eefu tr\u00ed tu\u1ec7\t\t\t<\/span>\n\t\t<\/a>\n\t<\/div>\n\t\n\n\t<div class=\"ux-menu-link flex menu-item\">\n\t\t<a class=\"ux-menu-link__link flex\" href=\"https:\/\/hulexlaw.com\/?page_id=352&#038;lang=vi\" >\n\t\t\t\t\t\t<span class=\"ux-menu-link__text\">\n\t\t\t\t\u0110\u1ea7u t\u01b0 v\u00e0o Vi\u1ec7t Nam\t\t\t<\/span>\n\t\t<\/a>\n\t<\/div>\n\t\n\n\t<div class=\"ux-menu-link flex menu-item\">\n\t\t<a class=\"ux-menu-link__link flex\" href=\"https:\/\/hulexlaw.com\/?page_id=356&#038;lang=vi\" >\n\t\t\t\t\t\t<span class=\"ux-menu-link__text\">\n\t\t\t\t\u0110\u1ea7u t\u01b0 ra n\u01b0\u1edbc ngo\u00e0i\t\t\t<\/span>\n\t\t<\/a>\n\t<\/div>\n\t\n\n\t<div class=\"ux-menu-link flex menu-item\">\n\t\t<a class=\"ux-menu-link__link flex\" href=\"https:\/\/hulexlaw.com\/?page_id=360&#038;lang=vi\" >\n\t\t\t\t\t\t<span class=\"ux-menu-link__text\">\n\t\t\t\tGi\u1ea5y ph\u00e9p kinh doanh c\u00f3 \u0111i\u1ec1u ki\u1ec7n\t\t\t<\/span>\n\t\t<\/a>\n\t<\/div>\n\t\n\n\t<div class=\"ux-menu-link flex menu-item\">\n\t\t<a class=\"ux-menu-link__link flex\" href=\"https:\/\/hulexlaw.com\/?page_id=364&#038;lang=vi\" >\n\t\t\t\t\t\t<span class=\"ux-menu-link__text\">\n\t\t\t\tT\u00e0i ch\u00ednh &amp; Ng\u00e2n h\u00e0ng\t\t\t<\/span>\n\t\t<\/a>\n\t<\/div>\n\t\n\n\n\t<\/div>\n\t\n\n\t\t<\/div>\n\t\t\t\t\t<\/div>\n\n\t\n\n<\/div>\n\n","protected":false},"excerpt":{"rendered":"","protected":false},"author":1,"featured_media":0,"parent":65,"menu_order":0,"comment_status":"closed","ping_status":"closed","template":"","meta":{"footnotes":""},"class_list":["post-325","page","type-page","status-publish","hentry"],"yoast_head":"<!-- This site is optimized with the Yoast SEO plugin v23.0 - https:\/\/yoast.com\/wordpress\/plugins\/seo\/ -->\n<title>Bat dong san - Hulex Law<\/title>\n<meta name=\"robots\" content=\"index, follow, max-snippet:-1, max-image-preview:large, max-video-preview:-1\" \/>\n<link rel=\"canonical\" href=\"https:\/\/hulexlaw.com\/?page_id=325&lang=vi\" \/>\n<meta property=\"og:locale\" content=\"vi_VN\" \/>\n<meta property=\"og:type\" content=\"article\" \/>\n<meta property=\"og:title\" content=\"Bat dong san - Hulex Law\" \/>\n<meta property=\"og:url\" content=\"https:\/\/hulexlaw.com\/?page_id=325&amp;lang=vi\" \/>\n<meta property=\"og:site_name\" content=\"Hulex Law\" \/>\n<meta property=\"article:modified_time\" content=\"2024-06-18T04:00:11+00:00\" \/>\n<meta name=\"twitter:card\" content=\"summary_large_image\" \/>\n<meta name=\"twitter:label1\" content=\"\u01af\u1edbc t\u00ednh th\u1eddi gian \u0111\u1ecdc\" \/>\n\t<meta name=\"twitter:data1\" content=\"2 ph\u00fat\" \/>\n<script type=\"application\/ld+json\" class=\"yoast-schema-graph\">{\"@context\":\"https:\/\/schema.org\",\"@graph\":[{\"@type\":\"WebPage\",\"@id\":\"https:\/\/hulexlaw.com\/?page_id=325&lang=vi\",\"url\":\"https:\/\/hulexlaw.com\/?page_id=325&lang=vi\",\"name\":\"Bat dong san - Hulex Law\",\"isPartOf\":{\"@id\":\"https:\/\/hulexlaw.com\/#website\"},\"datePublished\":\"2024-04-09T17:58:05+00:00\",\"dateModified\":\"2024-06-18T04:00:11+00:00\",\"breadcrumb\":{\"@id\":\"https:\/\/hulexlaw.com\/?page_id=325&lang=vi#breadcrumb\"},\"inLanguage\":\"vi\",\"potentialAction\":[{\"@type\":\"ReadAction\",\"target\":[\"https:\/\/hulexlaw.com\/?page_id=325&lang=vi\"]}]},{\"@type\":\"BreadcrumbList\",\"@id\":\"https:\/\/hulexlaw.com\/?page_id=325&lang=vi#breadcrumb\",\"itemListElement\":[{\"@type\":\"ListItem\",\"position\":1,\"name\":\"Home\",\"item\":\"https:\/\/hulexlaw.com\/?lang=vi\"},{\"@type\":\"ListItem\",\"position\":2,\"name\":\"Trang Ch\u1ee7\",\"item\":\"https:\/\/hulexlaw.com\/?lang=vi\"},{\"@type\":\"ListItem\",\"position\":3,\"name\":\"L\u0128NH V\u1ef0C HO\u1ea0T \u0110\u1ed8NG\",\"item\":\"https:\/\/hulexlaw.com\/?page_id=65&lang=vi\"},{\"@type\":\"ListItem\",\"position\":4,\"name\":\"Bat dong san\"}]},{\"@type\":\"WebSite\",\"@id\":\"https:\/\/hulexlaw.com\/#website\",\"url\":\"https:\/\/hulexlaw.com\/\",\"name\":\"Hulex Law\",\"description\":\"\",\"potentialAction\":[{\"@type\":\"SearchAction\",\"target\":{\"@type\":\"EntryPoint\",\"urlTemplate\":\"https:\/\/hulexlaw.com\/?s={search_term_string}\"},\"query-input\":\"required name=search_term_string\"}],\"inLanguage\":\"vi\"}]}<\/script>\n<!-- \/ Yoast SEO plugin. -->","yoast_head_json":{"title":"Bat dong san - Hulex Law","robots":{"index":"index","follow":"follow","max-snippet":"max-snippet:-1","max-image-preview":"max-image-preview:large","max-video-preview":"max-video-preview:-1"},"canonical":"https:\/\/hulexlaw.com\/?page_id=325&lang=vi","og_locale":"vi_VN","og_type":"article","og_title":"Bat dong san - Hulex Law","og_url":"https:\/\/hulexlaw.com\/?page_id=325&lang=vi","og_site_name":"Hulex Law","article_modified_time":"2024-06-18T04:00:11+00:00","twitter_card":"summary_large_image","twitter_misc":{"\u01af\u1edbc t\u00ednh th\u1eddi gian \u0111\u1ecdc":"2 ph\u00fat"},"schema":{"@context":"https:\/\/schema.org","@graph":[{"@type":"WebPage","@id":"https:\/\/hulexlaw.com\/?page_id=325&lang=vi","url":"https:\/\/hulexlaw.com\/?page_id=325&lang=vi","name":"Bat dong san - Hulex Law","isPartOf":{"@id":"https:\/\/hulexlaw.com\/#website"},"datePublished":"2024-04-09T17:58:05+00:00","dateModified":"2024-06-18T04:00:11+00:00","breadcrumb":{"@id":"https:\/\/hulexlaw.com\/?page_id=325&lang=vi#breadcrumb"},"inLanguage":"vi","potentialAction":[{"@type":"ReadAction","target":["https:\/\/hulexlaw.com\/?page_id=325&lang=vi"]}]},{"@type":"BreadcrumbList","@id":"https:\/\/hulexlaw.com\/?page_id=325&lang=vi#breadcrumb","itemListElement":[{"@type":"ListItem","position":1,"name":"Home","item":"https:\/\/hulexlaw.com\/?lang=vi"},{"@type":"ListItem","position":2,"name":"Trang Ch\u1ee7","item":"https:\/\/hulexlaw.com\/?lang=vi"},{"@type":"ListItem","position":3,"name":"L\u0128NH V\u1ef0C HO\u1ea0T \u0110\u1ed8NG","item":"https:\/\/hulexlaw.com\/?page_id=65&lang=vi"},{"@type":"ListItem","position":4,"name":"Bat dong san"}]},{"@type":"WebSite","@id":"https:\/\/hulexlaw.com\/#website","url":"https:\/\/hulexlaw.com\/","name":"Hulex Law","description":"","potentialAction":[{"@type":"SearchAction","target":{"@type":"EntryPoint","urlTemplate":"https:\/\/hulexlaw.com\/?s={search_term_string}"},"query-input":"required name=search_term_string"}],"inLanguage":"vi"}]}},"_links":{"self":[{"href":"https:\/\/hulexlaw.com\/index.php?rest_route=\/wp\/v2\/pages\/325","targetHints":{"allow":["GET"]}}],"collection":[{"href":"https:\/\/hulexlaw.com\/index.php?rest_route=\/wp\/v2\/pages"}],"about":[{"href":"https:\/\/hulexlaw.com\/index.php?rest_route=\/wp\/v2\/types\/page"}],"author":[{"embeddable":true,"href":"https:\/\/hulexlaw.com\/index.php?rest_route=\/wp\/v2\/users\/1"}],"replies":[{"embeddable":true,"href":"https:\/\/hulexlaw.com\/index.php?rest_route=%2Fwp%2Fv2%2Fcomments&post=325"}],"version-history":[{"count":4,"href":"https:\/\/hulexlaw.com\/index.php?rest_route=\/wp\/v2\/pages\/325\/revisions"}],"predecessor-version":[{"id":645,"href":"https:\/\/hulexlaw.com\/index.php?rest_route=\/wp\/v2\/pages\/325\/revisions\/645"}],"up":[{"embeddable":true,"href":"https:\/\/hulexlaw.com\/index.php?rest_route=\/wp\/v2\/pages\/65"}],"wp:attachment":[{"href":"https:\/\/hulexlaw.com\/index.php?rest_route=%2Fwp%2Fv2%2Fmedia&parent=325"}],"curies":[{"name":"wp","href":"https:\/\/api.w.org\/{rel}","templated":true}]}}