{"id":313,"date":"2024-04-09T17:51:01","date_gmt":"2024-04-09T17:51:01","guid":{"rendered":"https:\/\/hulexlaw.com\/?page_id=313"},"modified":"2024-06-18T04:00:19","modified_gmt":"2024-06-18T04:00:19","slug":"chong-doc-quyen","status":"publish","type":"page","link":"https:\/\/hulexlaw.com\/?page_id=313&lang=vi","title":{"rendered":"Chong doc quyen"},"content":{"rendered":"\n<h1>CH\u1ed0NG \u0110\u1ed8C QUY\u1ec0N \/ C\u1ea0NH TRANH<\/h1>\n<div class=\"row row-solid\"  id=\"row-738981098\">\n\n\n\t<div id=\"col-113561846\" class=\"col medium-8 small-12 large-8\"  >\n\t\t\t\t<div class=\"col-inner\"  >\n\t\t\t\n\t\t\t\n\n<p>Trong l\u0129nh v\u1ef1c n\u00e0y, HULEX cung c\u1ea5p cho kh\u00e1ch h\u00e0ng c\u00e1c d\u1ecbch v\u1ee5 sau:<\/p>\n<ul>\n<li>T\u01b0 v\u1ea5n v\u1ec1 ch\u00ednh s\u00e1ch ph\u00e1p lu\u1eadt c\u1ea1nh tranh c\u1ee7a Vi\u1ec7t Nam.<\/li>\n<li>T\u01b0 v\u1ea5n v\u00e0 \u0111\u01b0a ra \u00fd ki\u1ebfn \u0111\u00e1nh gi\u00e1 v\u1ec1 kh\u1ea3 n\u0103ng vi ph\u1ea1m ph\u00e1p lu\u1eadt c\u1ea1nh tranh.<\/li>\n<li>T\u01b0 v\u1ea5n v\u1ec1 tham v\u1ea5n trong ph\u00e1p lu\u1eadt c\u1ea1nh tranh.<\/li>\n<li>T\u01b0 v\u1ea5n, so\u1ea1n th\u1ea3o v\u00e0 th\u1ef1c hi\u1ec7n h\u1ed3 s\u01a1 Th\u00f4ng b\u00e1o t\u1eadp trung kinh t\u1ebf trong c\u00e1c giao d\u1ecbch mua b\u00e1n, s\u00e1p nh\u1eadp doanh nghi\u1ec7p.<\/li>\n<li>T\u01b0 v\u1ea5n v\u00e0 \u0111\u01b0a ra \u00fd ki\u1ebfn v\u1ec1 h\u00e0nh vi vi ph\u1ea1m trong l\u0129nh v\u1ef1c c\u1ea1nh tranh.<\/li>\n<li>\u0110\u1ea1i di\u1ec7n cho kh\u00e1ch h\u00e0ng l\u00e0m vi\u1ec7c v\u1edbi \u1ee6y ban c\u1ea1nh tranh qu\u1ed1c gia trong qu\u00e1 tr\u00ecnh th\u1ef1c hi\u1ec7n th\u00f4ng b\u00e1o t\u1eadp trung kinh t\u1ebf v\u00e0 \u0111i\u1ec1u tra.<\/li>\n<li>T\u01b0 v\u1ea5n v\u00e0 \u0111\u01b0a ra khuy\u1ebfn ngh\u1ecb cho kh\u00e1ch h\u00e0ng \u0111\u1ea3m b\u1ea3o tu\u00e2n th\u1ee7 ph\u00e1p lu\u1eadt v\u00e0 qu\u1ea3n tr\u1ecb r\u1ee7i ro trong l\u0129nh v\u1ef1c c\u1ea1nh tranh.<\/li>\n<\/ul>\n\n\n\t\t<\/div>\n\t\t\t\t\t<\/div>\n\n\t\n\n\t<div id=\"col-2024676154\" class=\"col medium-4 small-12 large-4\"  >\n\t\t\t\t<div class=\"col-inner box-shadow-5 text-shadow-5 dark\" style=\"background-color:#c04242;\" data-parallax-fade=\"true\" data-parallax=\"10\">\n\t\t\t\n\t\t\t\n\n\t<div class=\"ux-menu stack stack-col justify-start ux-menu--divider-solid\">\n\t\t\n\n\t<div class=\"ux-menu-link flex menu-item\">\n\t\t<a class=\"ux-menu-link__link flex\" href=\"https:\/\/hulexlaw.com\/?page_id=313&#038;lang=vi\" >\n\t\t\t\t\t\t<span class=\"ux-menu-link__text\">\n\t\t\t\tCh\u1ed1ng \u0111\u1ed9c quy\u1ec1n \/ C\u1ea1nh tranh\t\t\t<\/span>\n\t\t<\/a>\n\t<\/div>\n\t\n\n\t<div class=\"ux-menu-link flex menu-item\">\n\t\t<a class=\"ux-menu-link__link flex\" href=\"https:\/\/hulexlaw.com\/?page_id=320&#038;lang=vi\" >\n\t\t\t\t\t\t<span class=\"ux-menu-link__text\">\n\t\t\t\tMua b\u00e1n &amp; S\u00e1p nh\u1eadp\t\t\t<\/span>\n\t\t<\/a>\n\t<\/div>\n\t\n\n\t<div class=\"ux-menu-link flex menu-item\">\n\t\t<a class=\"ux-menu-link__link flex\" href=\"https:\/\/hulexlaw.com\/?page_id=325&#038;lang=vi\" >\n\t\t\t\t\t\t<span class=\"ux-menu-link__text\">\n\t\t\t\tB\u1ea5t \u0111\u1ed9ng s\u1ea3n - X\u00e2y d\u1ef1ng\t\t\t<\/span>\n\t\t<\/a>\n\t<\/div>\n\t\n\n\t<div class=\"ux-menu-link flex menu-item\">\n\t\t<a class=\"ux-menu-link__link flex\" href=\"https:\/\/hulexlaw.com\/?page_id=329&#038;lang=vi\" >\n\t\t\t\t\t\t<span class=\"ux-menu-link__text\">\n\t\t\t\tPh\u00e1p l\u00fd th\u01b0\u1eddng xuy\u00ean\t\t\t<\/span>\n\t\t<\/a>\n\t<\/div>\n\t\n\n\t<div class=\"ux-menu-link flex menu-item\">\n\t\t<a class=\"ux-menu-link__link flex\" href=\"https:\/\/hulexlaw.com\/?page_id=333&#038;lang=vi\" >\n\t\t\t\t\t\t<span class=\"ux-menu-link__text\">\n\t\t\t\tN\u0103ng l\u01b0\u1ee3ng\t\t\t<\/span>\n\t\t<\/a>\n\t<\/div>\n\t\n\n\t<div class=\"ux-menu-link flex menu-item\">\n\t\t<a class=\"ux-menu-link__link flex\" href=\"https:\/\/hulexlaw.com\/?page_id=338&#038;lang=vi\" >\n\t\t\t\t\t\t<span class=\"ux-menu-link__text\">\n\t\t\t\tGi\u1ea3i quy\u1ebft tranh ch\u1ea5p\t\t\t<\/span>\n\t\t<\/a>\n\t<\/div>\n\t\n\n\t<div class=\"ux-menu-link flex menu-item\">\n\t\t<a class=\"ux-menu-link__link flex\" href=\"https:\/\/hulexlaw.com\/?page_id=343&#038;lang=vi\" >\n\t\t\t\t\t\t<span class=\"ux-menu-link__text\">\n\t\t\t\tLao \u0111\u1ed9ng\t\t\t<\/span>\n\t\t<\/a>\n\t<\/div>\n\t\n\n\t<div class=\"ux-menu-link flex menu-item\">\n\t\t<a class=\"ux-menu-link__link flex\" href=\"https:\/\/hulexlaw.com\/?page_id=347&#038;lang=vi\" >\n\t\t\t\t\t\t<span class=\"ux-menu-link__text\">\n\t\t\t\tS\u1edf h\u1eefu tr\u00ed tu\u1ec7\t\t\t<\/span>\n\t\t<\/a>\n\t<\/div>\n\t\n\n\t<div class=\"ux-menu-link flex menu-item\">\n\t\t<a class=\"ux-menu-link__link flex\" href=\"https:\/\/hulexlaw.com\/?page_id=352&#038;lang=vi\" >\n\t\t\t\t\t\t<span class=\"ux-menu-link__text\">\n\t\t\t\t\u0110\u1ea7u t\u01b0 v\u00e0o Vi\u1ec7t Nam\t\t\t<\/span>\n\t\t<\/a>\n\t<\/div>\n\t\n\n\t<div class=\"ux-menu-link flex menu-item\">\n\t\t<a class=\"ux-menu-link__link flex\" href=\"https:\/\/hulexlaw.com\/?page_id=356&#038;lang=vi\" >\n\t\t\t\t\t\t<span class=\"ux-menu-link__text\">\n\t\t\t\t\u0110\u1ea7u t\u01b0 ra n\u01b0\u1edbc ngo\u00e0i\t\t\t<\/span>\n\t\t<\/a>\n\t<\/div>\n\t\n\n\t<div class=\"ux-menu-link flex menu-item\">\n\t\t<a class=\"ux-menu-link__link flex\" href=\"https:\/\/hulexlaw.com\/?page_id=360&#038;lang=vi\" >\n\t\t\t\t\t\t<span class=\"ux-menu-link__text\">\n\t\t\t\tGi\u1ea5y ph\u00e9p kinh doanh c\u00f3 \u0111i\u1ec1u ki\u1ec7n\t\t\t<\/span>\n\t\t<\/a>\n\t<\/div>\n\t\n\n\t<div class=\"ux-menu-link flex menu-item\">\n\t\t<a class=\"ux-menu-link__link flex\" href=\"https:\/\/hulexlaw.com\/?page_id=364&#038;lang=vi\" >\n\t\t\t\t\t\t<span class=\"ux-menu-link__text\">\n\t\t\t\tT\u00e0i ch\u00ednh &amp; Ng\u00e2n h\u00e0ng\t\t\t<\/span>\n\t\t<\/a>\n\t<\/div>\n\t\n\n\n\t<\/div>\n\t\n\n\t\t<\/div>\n\t\t\t\t\t<\/div>\n\n\t\n\n<\/div>\n\n","protected":false},"excerpt":{"rendered":"","protected":false},"author":1,"featured_media":0,"parent":65,"menu_order":0,"comment_status":"closed","ping_status":"closed","template":"","meta":{"footnotes":""},"class_list":["post-313","page","type-page","status-publish","hentry"],"yoast_head":"<!-- This site is optimized with the Yoast SEO plugin v23.0 - https:\/\/yoast.com\/wordpress\/plugins\/seo\/ -->\n<title>Chong doc quyen - Hulex Law<\/title>\n<meta name=\"robots\" content=\"index, follow, max-snippet:-1, max-image-preview:large, max-video-preview:-1\" \/>\n<link rel=\"canonical\" href=\"https:\/\/hulexlaw.com\/?page_id=313&lang=vi\" \/>\n<meta property=\"og:locale\" content=\"vi_VN\" \/>\n<meta property=\"og:type\" content=\"article\" \/>\n<meta property=\"og:title\" content=\"Chong doc quyen - Hulex Law\" \/>\n<meta property=\"og:url\" content=\"https:\/\/hulexlaw.com\/?page_id=313&amp;lang=vi\" \/>\n<meta property=\"og:site_name\" content=\"Hulex Law\" \/>\n<meta property=\"article:modified_time\" content=\"2024-06-18T04:00:19+00:00\" \/>\n<meta name=\"twitter:card\" content=\"summary_large_image\" \/>\n<script type=\"application\/ld+json\" class=\"yoast-schema-graph\">{\"@context\":\"https:\/\/schema.org\",\"@graph\":[{\"@type\":\"WebPage\",\"@id\":\"https:\/\/hulexlaw.com\/?page_id=313&lang=vi\",\"url\":\"https:\/\/hulexlaw.com\/?page_id=313&lang=vi\",\"name\":\"Chong doc quyen - Hulex Law\",\"isPartOf\":{\"@id\":\"https:\/\/hulexlaw.com\/#website\"},\"datePublished\":\"2024-04-09T17:51:01+00:00\",\"dateModified\":\"2024-06-18T04:00:19+00:00\",\"breadcrumb\":{\"@id\":\"https:\/\/hulexlaw.com\/?page_id=313&lang=vi#breadcrumb\"},\"inLanguage\":\"vi\",\"potentialAction\":[{\"@type\":\"ReadAction\",\"target\":[\"https:\/\/hulexlaw.com\/?page_id=313&lang=vi\"]}]},{\"@type\":\"BreadcrumbList\",\"@id\":\"https:\/\/hulexlaw.com\/?page_id=313&lang=vi#breadcrumb\",\"itemListElement\":[{\"@type\":\"ListItem\",\"position\":1,\"name\":\"Home\",\"item\":\"https:\/\/hulexlaw.com\/?lang=vi\"},{\"@type\":\"ListItem\",\"position\":2,\"name\":\"Trang Ch\u1ee7\",\"item\":\"https:\/\/hulexlaw.com\/?lang=vi\"},{\"@type\":\"ListItem\",\"position\":3,\"name\":\"L\u0128NH V\u1ef0C HO\u1ea0T \u0110\u1ed8NG\",\"item\":\"https:\/\/hulexlaw.com\/?page_id=65&lang=vi\"},{\"@type\":\"ListItem\",\"position\":4,\"name\":\"Chong doc quyen\"}]},{\"@type\":\"WebSite\",\"@id\":\"https:\/\/hulexlaw.com\/#website\",\"url\":\"https:\/\/hulexlaw.com\/\",\"name\":\"Hulex Law\",\"description\":\"\",\"potentialAction\":[{\"@type\":\"SearchAction\",\"target\":{\"@type\":\"EntryPoint\",\"urlTemplate\":\"https:\/\/hulexlaw.com\/?s={search_term_string}\"},\"query-input\":\"required name=search_term_string\"}],\"inLanguage\":\"vi\"}]}<\/script>\n<!-- \/ Yoast SEO plugin. -->","yoast_head_json":{"title":"Chong doc quyen - Hulex Law","robots":{"index":"index","follow":"follow","max-snippet":"max-snippet:-1","max-image-preview":"max-image-preview:large","max-video-preview":"max-video-preview:-1"},"canonical":"https:\/\/hulexlaw.com\/?page_id=313&lang=vi","og_locale":"vi_VN","og_type":"article","og_title":"Chong doc quyen - Hulex Law","og_url":"https:\/\/hulexlaw.com\/?page_id=313&lang=vi","og_site_name":"Hulex Law","article_modified_time":"2024-06-18T04:00:19+00:00","twitter_card":"summary_large_image","schema":{"@context":"https:\/\/schema.org","@graph":[{"@type":"WebPage","@id":"https:\/\/hulexlaw.com\/?page_id=313&lang=vi","url":"https:\/\/hulexlaw.com\/?page_id=313&lang=vi","name":"Chong doc quyen - Hulex Law","isPartOf":{"@id":"https:\/\/hulexlaw.com\/#website"},"datePublished":"2024-04-09T17:51:01+00:00","dateModified":"2024-06-18T04:00:19+00:00","breadcrumb":{"@id":"https:\/\/hulexlaw.com\/?page_id=313&lang=vi#breadcrumb"},"inLanguage":"vi","potentialAction":[{"@type":"ReadAction","target":["https:\/\/hulexlaw.com\/?page_id=313&lang=vi"]}]},{"@type":"BreadcrumbList","@id":"https:\/\/hulexlaw.com\/?page_id=313&lang=vi#breadcrumb","itemListElement":[{"@type":"ListItem","position":1,"name":"Home","item":"https:\/\/hulexlaw.com\/?lang=vi"},{"@type":"ListItem","position":2,"name":"Trang Ch\u1ee7","item":"https:\/\/hulexlaw.com\/?lang=vi"},{"@type":"ListItem","position":3,"name":"L\u0128NH V\u1ef0C HO\u1ea0T \u0110\u1ed8NG","item":"https:\/\/hulexlaw.com\/?page_id=65&lang=vi"},{"@type":"ListItem","position":4,"name":"Chong doc quyen"}]},{"@type":"WebSite","@id":"https:\/\/hulexlaw.com\/#website","url":"https:\/\/hulexlaw.com\/","name":"Hulex Law","description":"","potentialAction":[{"@type":"SearchAction","target":{"@type":"EntryPoint","urlTemplate":"https:\/\/hulexlaw.com\/?s={search_term_string}"},"query-input":"required name=search_term_string"}],"inLanguage":"vi"}]}},"_links":{"self":[{"href":"https:\/\/hulexlaw.com\/index.php?rest_route=\/wp\/v2\/pages\/313","targetHints":{"allow":["GET"]}}],"collection":[{"href":"https:\/\/hulexlaw.com\/index.php?rest_route=\/wp\/v2\/pages"}],"about":[{"href":"https:\/\/hulexlaw.com\/index.php?rest_route=\/wp\/v2\/types\/page"}],"author":[{"embeddable":true,"href":"https:\/\/hulexlaw.com\/index.php?rest_route=\/wp\/v2\/users\/1"}],"replies":[{"embeddable":true,"href":"https:\/\/hulexlaw.com\/index.php?rest_route=%2Fwp%2Fv2%2Fcomments&post=313"}],"version-history":[{"count":6,"href":"https:\/\/hulexlaw.com\/index.php?rest_route=\/wp\/v2\/pages\/313\/revisions"}],"predecessor-version":[{"id":646,"href":"https:\/\/hulexlaw.com\/index.php?rest_route=\/wp\/v2\/pages\/313\/revisions\/646"}],"up":[{"embeddable":true,"href":"https:\/\/hulexlaw.com\/index.php?rest_route=\/wp\/v2\/pages\/65"}],"wp:attachment":[{"href":"https:\/\/hulexlaw.com\/index.php?rest_route=%2Fwp%2Fv2%2Fmedia&parent=313"}],"curies":[{"name":"wp","href":"https:\/\/api.w.org\/{rel}","templated":true}]}}